{"id":1005,"date":"2024-01-23T21:49:39","date_gmt":"2024-01-23T21:49:39","guid":{"rendered":"https:\/\/www.zimek.com.tr\/?page_id=1005"},"modified":"2024-11-12T13:40:28","modified_gmt":"2024-11-12T13:40:28","slug":"misyonumuz","status":"publish","type":"page","link":"https:\/\/www.zimek.com.tr\/fr\/misyonumuz\/","title":{"rendered":"NOTRE MISSION"},"content":{"rendered":"<div data-elementor-type=\"wp-page\" data-elementor-id=\"1005\" class=\"elementor elementor-1005\" data-elementor-settings=\"{&quot;ha_cmc_init_switcher&quot;:&quot;no&quot;}\" data-elementor-post-type=\"page\">\n\t\t\t\t<div data-particle_enable=\"false\" data-particle-mobile-disabled=\"false\" class=\"elementor-element elementor-element-d9726da e-flex e-con-boxed wpr-particle-no wpr-jarallax-no wpr-parallax-no wpr-sticky-section-no wpr-equal-height-no e-con e-parent\" data-id=\"d9726da\" data-element_type=\"container\" data-e-type=\"container\" data-settings=\"{&quot;_ha_eqh_enable&quot;:false}\">\n\t\t\t\t\t<div class=\"e-con-inner\">\n\t\t<div data-particle_enable=\"false\" data-particle-mobile-disabled=\"false\" class=\"elementor-element elementor-element-f0d6b84 e-con-full e-flex wpr-particle-no wpr-jarallax-no wpr-parallax-no wpr-sticky-section-no wpr-equal-height-no e-con e-child\" data-id=\"f0d6b84\" data-element_type=\"container\" data-e-type=\"container\" data-settings=\"{&quot;background_background&quot;:&quot;classic&quot;,&quot;_ha_eqh_enable&quot;:false}\">\n\t\t<div data-particle_enable=\"false\" data-particle-mobile-disabled=\"false\" class=\"elementor-element elementor-element-9457377 e-con-full e-flex wpr-particle-no wpr-jarallax-no wpr-parallax-no wpr-sticky-section-no wpr-equal-height-no e-con e-child\" data-id=\"9457377\" data-element_type=\"container\" data-e-type=\"container\" data-settings=\"{&quot;_ha_eqh_enable&quot;:false}\">\n\t\t\t\t<div class=\"elementor-element elementor-element-baec15b elementor-widget__width-initial elementor-absolute exad-sticky-section-no exad-glass-effect-no elementor-widget elementor-widget-text-editor\" data-id=\"baec15b\" data-element_type=\"widget\" data-e-type=\"widget\" data-settings=\"{&quot;_position&quot;:&quot;absolute&quot;}\" data-widget_type=\"text-editor.default\">\n\t\t\t\t<div class=\"elementor-widget-container\">\n\t\t\t\t\t\t\t\t\t<p>Valoriser nos collaborateurs. Pour maximiser<\/p><p>satisfaction du client avec une haute qualit\u00e9\u00a0<\/p><p>et des produits et services innovants.<\/p><p>Pour am\u00e9liorer constamment<\/p><p>nous-m\u00eames.<\/p>\t\t\t\t\t\t\t\t<\/div>\n\t\t\t\t<\/div>\n\t\t\t\t<div class=\"elementor-element elementor-element-60fa849 elementor-absolute exad-sticky-section-no exad-glass-effect-no elementor-widget elementor-widget-text-editor\" data-id=\"60fa849\" data-element_type=\"widget\" data-e-type=\"widget\" data-settings=\"{&quot;_position&quot;:&quot;absolute&quot;}\" data-widget_type=\"text-editor.default\">\n\t\t\t\t<div class=\"elementor-widget-container\">\n\t\t\t\t\t\t\t\t\t<p>NOTRE MISSION<\/p>\t\t\t\t\t\t\t\t<\/div>\n\t\t\t\t<\/div>\n\t\t\t\t<\/div>\n\t\t\t\t<\/div>\n\t\t\t\t\t<\/div>\n\t\t\t\t<\/div>\n\t\t\t\t<\/div>","protected":false},"excerpt":{"rendered":"<p>\u00c7al\u0131\u015fanlar\u0131na de\u011fer vermek, kaliteli, yenilik\u00e7i \u00fcr\u00fcn ve hizmetler\u00a0 ile m\u00fc\u015fteri memnuniyetini en \u00fcst d\u00fczeye \u00e7\u0131karmak, kendinin s\u00fcrekli geli\u015ftirmektir. Misyonumuz<\/p>","protected":false},"author":1,"featured_media":0,"parent":0,"menu_order":0,"comment_status":"closed","ping_status":"closed","template":"","meta":{"site-sidebar-layout":"no-sidebar","site-content-layout":"page-builder","ast-site-content-layout":"default","site-content-style":"default","site-sidebar-style":"default","ast-global-header-display":"","ast-banner-title-visibility":"","ast-main-header-display":"","ast-hfb-above-header-display":"","ast-hfb-below-header-display":"","ast-hfb-mobile-header-display":"","site-post-title":"disabled","ast-breadcrumbs-content":"disabled","ast-featured-img":"disabled","footer-sml-layout":"","ast-disable-related-posts":"","theme-transparent-header-meta":"enabled","adv-header-id-meta":"","stick-header-meta":"","header-above-stick-meta":"","header-main-stick-meta":"","header-below-stick-meta":"","astra-migrate-meta-layouts":"default","ast-page-background-enabled":"default","ast-page-background-meta":{"desktop":{"background-color":"var(--ast-global-color-4)","background-image":"","background-repeat":"repeat","background-position":"center center","background-size":"auto","background-attachment":"scroll","background-type":"","background-media":"","overlay-type":"","overlay-color":"","overlay-opacity":"","overlay-gradient":""},"tablet":{"background-color":"","background-image":"","background-repeat":"repeat","background-position":"center center","background-size":"auto","background-attachment":"scroll","background-type":"","background-media":"","overlay-type":"","overlay-color":"","overlay-opacity":"","overlay-gradient":""},"mobile":{"background-color":"","background-image":"","background-repeat":"repeat","background-position":"center center","background-size":"auto","background-attachment":"scroll","background-type":"","background-media":"","overlay-type":"","overlay-color":"","overlay-opacity":"","overlay-gradient":""}},"ast-content-background-meta":{"desktop":{"background-color":"var(--ast-global-color-5)","background-image":"","background-repeat":"repeat","background-position":"center center","background-size":"auto","background-attachment":"scroll","background-type":"","background-media":"","overlay-type":"","overlay-color":"","overlay-opacity":"","overlay-gradient":""},"tablet":{"background-color":"var(--ast-global-color-5)","background-image":"","background-repeat":"repeat","background-position":"center center","background-size":"auto","background-attachment":"scroll","background-type":"","background-media":"","overlay-type":"","overlay-color":"","overlay-opacity":"","overlay-gradient":""},"mobile":{"background-color":"var(--ast-global-color-5)","background-image":"","background-repeat":"repeat","background-position":"center center","background-size":"auto","background-attachment":"scroll","background-type":"","background-media":"","overlay-type":"","overlay-color":"","overlay-opacity":"","overlay-gradient":""}},"footnotes":""},"class_list":["post-1005","page","type-page","status-publish","hentry"],"yoast_head":"<!-- This site is optimized with the Yoast SEO plugin v27.4 - https:\/\/yoast.com\/product\/yoast-seo-wordpress\/ -->\n<title>Misyonumuz - Z\u0130MEK MAK\u0130NA<\/title>\n<meta name=\"robots\" content=\"index, follow, max-snippet:-1, max-image-preview:large, max-video-preview:-1\" \/>\n<link rel=\"canonical\" href=\"https:\/\/www.zimek.com.tr\/fr\/misyonumuz\/\" \/>\n<meta property=\"og:locale\" content=\"fr_FR\" \/>\n<meta property=\"og:type\" content=\"article\" \/>\n<meta property=\"og:title\" content=\"Misyonumuz - Z\u0130MEK MAK\u0130NA\" \/>\n<meta property=\"og:description\" content=\"\u00c7al\u0131\u015fanlar\u0131na de\u011fer vermek, kaliteli, yenilik\u00e7i \u00fcr\u00fcn ve hizmetler\u00a0 ile m\u00fc\u015fteri memnuniyetini en \u00fcst d\u00fczeye \u00e7\u0131karmak, kendinin s\u00fcrekli geli\u015ftirmektir. Misyonumuz\" \/>\n<meta property=\"og:url\" content=\"https:\/\/www.zimek.com.tr\/fr\/misyonumuz\/\" \/>\n<meta property=\"og:site_name\" content=\"Z\u0130MEK MAK\u0130NA\" \/>\n<meta property=\"article:publisher\" content=\"https:\/\/www.facebook.com\/zimekmachine\" \/>\n<meta property=\"article:modified_time\" content=\"2024-11-12T13:40:28+00:00\" \/>\n<meta name=\"twitter:card\" content=\"summary_large_image\" \/>\n<meta name=\"twitter:label1\" content=\"Dur\u00e9e de lecture estim\u00e9e\" \/>\n\t<meta name=\"twitter:data1\" content=\"1 minute\" \/>\n<script type=\"application\/ld+json\" class=\"yoast-schema-graph\">{\"@context\":\"https:\\\/\\\/schema.org\",\"@graph\":[{\"@type\":\"WebPage\",\"@id\":\"https:\\\/\\\/www.zimek.com.tr\\\/misyonumuz\\\/\",\"url\":\"https:\\\/\\\/www.zimek.com.tr\\\/misyonumuz\\\/\",\"name\":\"Misyonumuz - Z\u0130MEK MAK\u0130NA\",\"isPartOf\":{\"@id\":\"https:\\\/\\\/www.zimek.com.tr\\\/#website\"},\"datePublished\":\"2024-01-23T21:49:39+00:00\",\"dateModified\":\"2024-11-12T13:40:28+00:00\",\"breadcrumb\":{\"@id\":\"https:\\\/\\\/www.zimek.com.tr\\\/misyonumuz\\\/#breadcrumb\"},\"inLanguage\":\"fr-FR\",\"potentialAction\":[{\"@type\":\"ReadAction\",\"target\":[\"https:\\\/\\\/www.zimek.com.tr\\\/misyonumuz\\\/\"]}]},{\"@type\":\"BreadcrumbList\",\"@id\":\"https:\\\/\\\/www.zimek.com.tr\\\/misyonumuz\\\/#breadcrumb\",\"itemListElement\":[{\"@type\":\"ListItem\",\"position\":1,\"name\":\"Anasayfa\",\"item\":\"https:\\\/\\\/www.zimek.com.tr\\\/\"},{\"@type\":\"ListItem\",\"position\":2,\"name\":\"Misyonumuz\"}]},{\"@type\":\"WebSite\",\"@id\":\"https:\\\/\\\/www.zimek.com.tr\\\/#website\",\"url\":\"https:\\\/\\\/www.zimek.com.tr\\\/\",\"name\":\"Z\u0130MEK MAK\u0130NA\",\"description\":\"Ta\u015fa \u015eekil Veren Teknoloji - Stone Processing Technology\",\"publisher\":{\"@id\":\"https:\\\/\\\/www.zimek.com.tr\\\/#organization\"},\"potentialAction\":[{\"@type\":\"SearchAction\",\"target\":{\"@type\":\"EntryPoint\",\"urlTemplate\":\"https:\\\/\\\/www.zimek.com.tr\\\/?s={search_term_string}\"},\"query-input\":{\"@type\":\"PropertyValueSpecification\",\"valueRequired\":true,\"valueName\":\"search_term_string\"}}],\"inLanguage\":\"fr-FR\"},{\"@type\":\"Organization\",\"@id\":\"https:\\\/\\\/www.zimek.com.tr\\\/#organization\",\"name\":\"Z\u0130MEK MAK\u0130NA\",\"url\":\"https:\\\/\\\/www.zimek.com.tr\\\/\",\"logo\":{\"@type\":\"ImageObject\",\"inLanguage\":\"fr-FR\",\"@id\":\"https:\\\/\\\/www.zimek.com.tr\\\/#\\\/schema\\\/logo\\\/image\\\/\",\"url\":\"https:\\\/\\\/www.zimek.com.tr\\\/wp-content\\\/uploads\\\/2024\\\/01\\\/logo_vectorized.png\",\"contentUrl\":\"https:\\\/\\\/www.zimek.com.tr\\\/wp-content\\\/uploads\\\/2024\\\/01\\\/logo_vectorized.png\",\"width\":4712,\"height\":898,\"caption\":\"Z\u0130MEK MAK\u0130NA\"},\"image\":{\"@id\":\"https:\\\/\\\/www.zimek.com.tr\\\/#\\\/schema\\\/logo\\\/image\\\/\"},\"sameAs\":[\"https:\\\/\\\/www.facebook.com\\\/zimekmachine\",\"https:\\\/\\\/www.instagram.com\\\/zimekmachine\\\/\",\"https:\\\/\\\/www.youtube.com\\\/@zimekmachine\"]}]}<\/script>\n<!-- \/ Yoast SEO plugin. -->","yoast_head_json":{"title":"Misyonumuz - Z\u0130MEK MAK\u0130NA","robots":{"index":"index","follow":"follow","max-snippet":"max-snippet:-1","max-image-preview":"max-image-preview:large","max-video-preview":"max-video-preview:-1"},"canonical":"https:\/\/www.zimek.com.tr\/fr\/misyonumuz\/","og_locale":"fr_FR","og_type":"article","og_title":"Misyonumuz - Z\u0130MEK MAK\u0130NA","og_description":"\u00c7al\u0131\u015fanlar\u0131na de\u011fer vermek, kaliteli, yenilik\u00e7i \u00fcr\u00fcn ve hizmetler\u00a0 ile m\u00fc\u015fteri memnuniyetini en \u00fcst d\u00fczeye \u00e7\u0131karmak, kendinin s\u00fcrekli geli\u015ftirmektir. Misyonumuz","og_url":"https:\/\/www.zimek.com.tr\/fr\/misyonumuz\/","og_site_name":"Z\u0130MEK MAK\u0130NA","article_publisher":"https:\/\/www.facebook.com\/zimekmachine","article_modified_time":"2024-11-12T13:40:28+00:00","twitter_card":"summary_large_image","twitter_misc":{"Dur\u00e9e de lecture estim\u00e9e":"1 minute"},"schema":{"@context":"https:\/\/schema.org","@graph":[{"@type":"WebPage","@id":"https:\/\/www.zimek.com.tr\/misyonumuz\/","url":"https:\/\/www.zimek.com.tr\/misyonumuz\/","name":"Misyonumuz - Z\u0130MEK MAK\u0130NA","isPartOf":{"@id":"https:\/\/www.zimek.com.tr\/#website"},"datePublished":"2024-01-23T21:49:39+00:00","dateModified":"2024-11-12T13:40:28+00:00","breadcrumb":{"@id":"https:\/\/www.zimek.com.tr\/misyonumuz\/#breadcrumb"},"inLanguage":"fr-FR","potentialAction":[{"@type":"ReadAction","target":["https:\/\/www.zimek.com.tr\/misyonumuz\/"]}]},{"@type":"BreadcrumbList","@id":"https:\/\/www.zimek.com.tr\/misyonumuz\/#breadcrumb","itemListElement":[{"@type":"ListItem","position":1,"name":"Anasayfa","item":"https:\/\/www.zimek.com.tr\/"},{"@type":"ListItem","position":2,"name":"Misyonumuz"}]},{"@type":"WebSite","@id":"https:\/\/www.zimek.com.tr\/#website","url":"https:\/\/www.zimek.com.tr\/","name":"Z\u0130MEK MAK\u0130NA","description":"Ta\u015fa \u015eekil Veren Teknoloji - Stone Processing Technology","publisher":{"@id":"https:\/\/www.zimek.com.tr\/#organization"},"potentialAction":[{"@type":"SearchAction","target":{"@type":"EntryPoint","urlTemplate":"https:\/\/www.zimek.com.tr\/?s={search_term_string}"},"query-input":{"@type":"PropertyValueSpecification","valueRequired":true,"valueName":"search_term_string"}}],"inLanguage":"fr-FR"},{"@type":"Organization","@id":"https:\/\/www.zimek.com.tr\/#organization","name":"Z\u0130MEK MAK\u0130NA","url":"https:\/\/www.zimek.com.tr\/","logo":{"@type":"ImageObject","inLanguage":"fr-FR","@id":"https:\/\/www.zimek.com.tr\/#\/schema\/logo\/image\/","url":"https:\/\/www.zimek.com.tr\/wp-content\/uploads\/2024\/01\/logo_vectorized.png","contentUrl":"https:\/\/www.zimek.com.tr\/wp-content\/uploads\/2024\/01\/logo_vectorized.png","width":4712,"height":898,"caption":"Z\u0130MEK MAK\u0130NA"},"image":{"@id":"https:\/\/www.zimek.com.tr\/#\/schema\/logo\/image\/"},"sameAs":["https:\/\/www.facebook.com\/zimekmachine","https:\/\/www.instagram.com\/zimekmachine\/","https:\/\/www.youtube.com\/@zimekmachine"]}]}},"_links":{"self":[{"href":"https:\/\/www.zimek.com.tr\/fr\/wp-json\/wp\/v2\/pages\/1005","targetHints":{"allow":["GET"]}}],"collection":[{"href":"https:\/\/www.zimek.com.tr\/fr\/wp-json\/wp\/v2\/pages"}],"about":[{"href":"https:\/\/www.zimek.com.tr\/fr\/wp-json\/wp\/v2\/types\/page"}],"author":[{"embeddable":true,"href":"https:\/\/www.zimek.com.tr\/fr\/wp-json\/wp\/v2\/users\/1"}],"replies":[{"embeddable":true,"href":"https:\/\/www.zimek.com.tr\/fr\/wp-json\/wp\/v2\/comments?post=1005"}],"version-history":[{"count":11,"href":"https:\/\/www.zimek.com.tr\/fr\/wp-json\/wp\/v2\/pages\/1005\/revisions"}],"predecessor-version":[{"id":3574,"href":"https:\/\/www.zimek.com.tr\/fr\/wp-json\/wp\/v2\/pages\/1005\/revisions\/3574"}],"wp:attachment":[{"href":"https:\/\/www.zimek.com.tr\/fr\/wp-json\/wp\/v2\/media?parent=1005"}],"curies":[{"name":"wp","href":"https:\/\/api.w.org\/{rel}","templated":true}]}}