{"id":1007,"date":"2024-01-23T21:50:10","date_gmt":"2024-01-23T21:50:10","guid":{"rendered":"https:\/\/www.zimek.com.tr\/?page_id=1007"},"modified":"2024-11-12T13:45:11","modified_gmt":"2024-11-12T13:45:11","slug":"degerlerimiz","status":"publish","type":"page","link":"https:\/\/www.zimek.com.tr\/fr\/degerlerimiz\/","title":{"rendered":"NOS VALEURS"},"content":{"rendered":"<div data-elementor-type=\"wp-page\" data-elementor-id=\"1007\" class=\"elementor elementor-1007\" data-elementor-settings=\"{&quot;ha_cmc_init_switcher&quot;:&quot;no&quot;}\" data-elementor-post-type=\"page\">\n\t\t\t\t<div data-particle_enable=\"false\" data-particle-mobile-disabled=\"false\" class=\"elementor-element elementor-element-0d6d94c e-flex e-con-boxed wpr-particle-no wpr-jarallax-no wpr-parallax-no wpr-sticky-section-no wpr-equal-height-no e-con e-parent\" data-id=\"0d6d94c\" data-element_type=\"container\" data-e-type=\"container\" data-settings=\"{&quot;_ha_eqh_enable&quot;:false}\">\n\t\t\t\t\t<div class=\"e-con-inner\">\n\t\t<div data-particle_enable=\"false\" data-particle-mobile-disabled=\"false\" class=\"elementor-element elementor-element-86af738 e-con-full e-flex wpr-particle-no wpr-jarallax-no wpr-parallax-no wpr-sticky-section-no wpr-equal-height-no e-con e-child\" data-id=\"86af738\" data-element_type=\"container\" data-e-type=\"container\" data-settings=\"{&quot;background_background&quot;:&quot;classic&quot;,&quot;_ha_eqh_enable&quot;:false}\">\n\t\t<div data-particle_enable=\"false\" data-particle-mobile-disabled=\"false\" class=\"elementor-element elementor-element-f050d8f e-con-full e-flex wpr-particle-no wpr-jarallax-no wpr-parallax-no wpr-sticky-section-no wpr-equal-height-no e-con e-child\" data-id=\"f050d8f\" data-element_type=\"container\" data-e-type=\"container\" data-settings=\"{&quot;_ha_eqh_enable&quot;:false}\">\n\t\t\t\t<div class=\"elementor-element elementor-element-e2d22b2 elementor-widget__width-initial elementor-absolute exad-sticky-section-no exad-glass-effect-no elementor-widget elementor-widget-text-editor\" data-id=\"e2d22b2\" data-element_type=\"widget\" data-e-type=\"widget\" data-settings=\"{&quot;_position&quot;:&quot;absolute&quot;}\" data-widget_type=\"text-editor.default\">\n\t\t\t\t<div class=\"elementor-widget-container\">\n\t\t\t\t\t\t\t\t\t<p style=\"text-align: center;\">Respect,<\/p><p style=\"text-align: center;\">Confiance<\/p><p style=\"text-align: center;\">Innovation<\/p><p style=\"text-align: center;\">Travail d'\u00e9quipe,<\/p><p style=\"text-align: center;\">Responsabilit\u00e9 sociale,<\/p><p style=\"text-align: center;\">Le bonheur des clients<\/p>\t\t\t\t\t\t\t\t<\/div>\n\t\t\t\t<\/div>\n\t\t\t\t<div class=\"elementor-element elementor-element-9614170 elementor-absolute exad-sticky-section-no exad-glass-effect-no elementor-widget elementor-widget-text-editor\" data-id=\"9614170\" data-element_type=\"widget\" data-e-type=\"widget\" data-settings=\"{&quot;_position&quot;:&quot;absolute&quot;}\" data-widget_type=\"text-editor.default\">\n\t\t\t\t<div class=\"elementor-widget-container\">\n\t\t\t\t\t\t\t\t\t<p>NOS VALEURS<\/p>\t\t\t\t\t\t\t\t<\/div>\n\t\t\t\t<\/div>\n\t\t\t\t<\/div>\n\t\t\t\t<\/div>\n\t\t\t\t\t<\/div>\n\t\t\t\t<\/div>\n\t\t\t\t<\/div>","protected":false},"excerpt":{"rendered":"<p>Sayg\u0131, G\u00fcven, Yenilik\u00e7ilik, Tak\u0131m \u00c7al\u0131\u015fmas\u0131, Sosyal sorumluluk, M\u00fc\u015fteri Memnuniyeti De\u011ferlerimiz<\/p>","protected":false},"author":1,"featured_media":0,"parent":0,"menu_order":0,"comment_status":"closed","ping_status":"closed","template":"","meta":{"site-sidebar-layout":"no-sidebar","site-content-layout":"page-builder","ast-site-content-layout":"default","site-content-style":"default","site-sidebar-style":"default","ast-global-header-display":"","ast-banner-title-visibility":"","ast-main-header-display":"","ast-hfb-above-header-display":"","ast-hfb-below-header-display":"","ast-hfb-mobile-header-display":"","site-post-title":"disabled","ast-breadcrumbs-content":"disabled","ast-featured-img":"disabled","footer-sml-layout":"","ast-disable-related-posts":"","theme-transparent-header-meta":"enabled","adv-header-id-meta":"","stick-header-meta":"","header-above-stick-meta":"","header-main-stick-meta":"","header-below-stick-meta":"","astra-migrate-meta-layouts":"default","ast-page-background-enabled":"default","ast-page-background-meta":{"desktop":{"background-color":"var(--ast-global-color-4)","background-image":"","background-repeat":"repeat","background-position":"center center","background-size":"auto","background-attachment":"scroll","background-type":"","background-media":"","overlay-type":"","overlay-color":"","overlay-opacity":"","overlay-gradient":""},"tablet":{"background-color":"","background-image":"","background-repeat":"repeat","background-position":"center center","background-size":"auto","background-attachment":"scroll","background-type":"","background-media":"","overlay-type":"","overlay-color":"","overlay-opacity":"","overlay-gradient":""},"mobile":{"background-color":"","background-image":"","background-repeat":"repeat","background-position":"center center","background-size":"auto","background-attachment":"scroll","background-type":"","background-media":"","overlay-type":"","overlay-color":"","overlay-opacity":"","overlay-gradient":""}},"ast-content-background-meta":{"desktop":{"background-color":"var(--ast-global-color-5)","background-image":"","background-repeat":"repeat","background-position":"center center","background-size":"auto","background-attachment":"scroll","background-type":"","background-media":"","overlay-type":"","overlay-color":"","overlay-opacity":"","overlay-gradient":""},"tablet":{"background-color":"var(--ast-global-color-5)","background-image":"","background-repeat":"repeat","background-position":"center center","background-size":"auto","background-attachment":"scroll","background-type":"","background-media":"","overlay-type":"","overlay-color":"","overlay-opacity":"","overlay-gradient":""},"mobile":{"background-color":"var(--ast-global-color-5)","background-image":"","background-repeat":"repeat","background-position":"center center","background-size":"auto","background-attachment":"scroll","background-type":"","background-media":"","overlay-type":"","overlay-color":"","overlay-opacity":"","overlay-gradient":""}},"footnotes":""},"class_list":["post-1007","page","type-page","status-publish","hentry"],"yoast_head":"<!-- This site is optimized with the Yoast SEO plugin v27.4 - https:\/\/yoast.com\/product\/yoast-seo-wordpress\/ -->\n<title>De\u011ferlerimiz - Z\u0130MEK MAK\u0130NA<\/title>\n<meta name=\"robots\" content=\"index, follow, max-snippet:-1, max-image-preview:large, max-video-preview:-1\" \/>\n<link rel=\"canonical\" href=\"https:\/\/www.zimek.com.tr\/fr\/degerlerimiz\/\" \/>\n<meta property=\"og:locale\" content=\"fr_FR\" \/>\n<meta property=\"og:type\" content=\"article\" \/>\n<meta property=\"og:title\" content=\"De\u011ferlerimiz - Z\u0130MEK MAK\u0130NA\" \/>\n<meta property=\"og:description\" content=\"Sayg\u0131, G\u00fcven, Yenilik\u00e7ilik, Tak\u0131m \u00c7al\u0131\u015fmas\u0131, Sosyal sorumluluk, M\u00fc\u015fteri Memnuniyeti De\u011ferlerimiz\" \/>\n<meta property=\"og:url\" content=\"https:\/\/www.zimek.com.tr\/fr\/degerlerimiz\/\" \/>\n<meta property=\"og:site_name\" content=\"Z\u0130MEK MAK\u0130NA\" \/>\n<meta property=\"article:publisher\" content=\"https:\/\/www.facebook.com\/zimekmachine\" \/>\n<meta property=\"article:modified_time\" content=\"2024-11-12T13:45:11+00:00\" \/>\n<meta name=\"twitter:card\" content=\"summary_large_image\" \/>\n<meta name=\"twitter:label1\" content=\"Dur\u00e9e de lecture estim\u00e9e\" \/>\n\t<meta name=\"twitter:data1\" content=\"1 minute\" \/>\n<script type=\"application\/ld+json\" class=\"yoast-schema-graph\">{\"@context\":\"https:\\\/\\\/schema.org\",\"@graph\":[{\"@type\":\"WebPage\",\"@id\":\"https:\\\/\\\/www.zimek.com.tr\\\/tr_tr\\\/degerlerimiz\\\/\",\"url\":\"https:\\\/\\\/www.zimek.com.tr\\\/tr_tr\\\/degerlerimiz\\\/\",\"name\":\"De\u011ferlerimiz - Z\u0130MEK MAK\u0130NA\",\"isPartOf\":{\"@id\":\"https:\\\/\\\/www.zimek.com.tr\\\/#website\"},\"datePublished\":\"2024-01-23T21:50:10+00:00\",\"dateModified\":\"2024-11-12T13:45:11+00:00\",\"breadcrumb\":{\"@id\":\"https:\\\/\\\/www.zimek.com.tr\\\/tr_tr\\\/degerlerimiz\\\/#breadcrumb\"},\"inLanguage\":\"fr-FR\",\"potentialAction\":[{\"@type\":\"ReadAction\",\"target\":[\"https:\\\/\\\/www.zimek.com.tr\\\/tr_tr\\\/degerlerimiz\\\/\"]}]},{\"@type\":\"BreadcrumbList\",\"@id\":\"https:\\\/\\\/www.zimek.com.tr\\\/tr_tr\\\/degerlerimiz\\\/#breadcrumb\",\"itemListElement\":[{\"@type\":\"ListItem\",\"position\":1,\"name\":\"Anasayfa\",\"item\":\"https:\\\/\\\/www.zimek.com.tr\\\/\"},{\"@type\":\"ListItem\",\"position\":2,\"name\":\"De\u011ferlerimiz\"}]},{\"@type\":\"WebSite\",\"@id\":\"https:\\\/\\\/www.zimek.com.tr\\\/#website\",\"url\":\"https:\\\/\\\/www.zimek.com.tr\\\/\",\"name\":\"Z\u0130MEK MAK\u0130NA\",\"description\":\"Ta\u015fa \u015eekil Veren Teknoloji - Stone Processing Technology\",\"publisher\":{\"@id\":\"https:\\\/\\\/www.zimek.com.tr\\\/#organization\"},\"potentialAction\":[{\"@type\":\"SearchAction\",\"target\":{\"@type\":\"EntryPoint\",\"urlTemplate\":\"https:\\\/\\\/www.zimek.com.tr\\\/?s={search_term_string}\"},\"query-input\":{\"@type\":\"PropertyValueSpecification\",\"valueRequired\":true,\"valueName\":\"search_term_string\"}}],\"inLanguage\":\"fr-FR\"},{\"@type\":\"Organization\",\"@id\":\"https:\\\/\\\/www.zimek.com.tr\\\/#organization\",\"name\":\"Z\u0130MEK MAK\u0130NA\",\"url\":\"https:\\\/\\\/www.zimek.com.tr\\\/\",\"logo\":{\"@type\":\"ImageObject\",\"inLanguage\":\"fr-FR\",\"@id\":\"https:\\\/\\\/www.zimek.com.tr\\\/#\\\/schema\\\/logo\\\/image\\\/\",\"url\":\"https:\\\/\\\/www.zimek.com.tr\\\/wp-content\\\/uploads\\\/2024\\\/01\\\/logo_vectorized.png\",\"contentUrl\":\"https:\\\/\\\/www.zimek.com.tr\\\/wp-content\\\/uploads\\\/2024\\\/01\\\/logo_vectorized.png\",\"width\":4712,\"height\":898,\"caption\":\"Z\u0130MEK MAK\u0130NA\"},\"image\":{\"@id\":\"https:\\\/\\\/www.zimek.com.tr\\\/#\\\/schema\\\/logo\\\/image\\\/\"},\"sameAs\":[\"https:\\\/\\\/www.facebook.com\\\/zimekmachine\",\"https:\\\/\\\/www.instagram.com\\\/zimekmachine\\\/\",\"https:\\\/\\\/www.youtube.com\\\/@zimekmachine\"]}]}<\/script>\n<!-- \/ Yoast SEO plugin. -->","yoast_head_json":{"title":"De\u011ferlerimiz - Z\u0130MEK MAK\u0130NA","robots":{"index":"index","follow":"follow","max-snippet":"max-snippet:-1","max-image-preview":"max-image-preview:large","max-video-preview":"max-video-preview:-1"},"canonical":"https:\/\/www.zimek.com.tr\/fr\/degerlerimiz\/","og_locale":"fr_FR","og_type":"article","og_title":"De\u011ferlerimiz - Z\u0130MEK MAK\u0130NA","og_description":"Sayg\u0131, G\u00fcven, Yenilik\u00e7ilik, Tak\u0131m \u00c7al\u0131\u015fmas\u0131, Sosyal sorumluluk, M\u00fc\u015fteri Memnuniyeti De\u011ferlerimiz","og_url":"https:\/\/www.zimek.com.tr\/fr\/degerlerimiz\/","og_site_name":"Z\u0130MEK MAK\u0130NA","article_publisher":"https:\/\/www.facebook.com\/zimekmachine","article_modified_time":"2024-11-12T13:45:11+00:00","twitter_card":"summary_large_image","twitter_misc":{"Dur\u00e9e de lecture estim\u00e9e":"1 minute"},"schema":{"@context":"https:\/\/schema.org","@graph":[{"@type":"WebPage","@id":"https:\/\/www.zimek.com.tr\/tr_tr\/degerlerimiz\/","url":"https:\/\/www.zimek.com.tr\/tr_tr\/degerlerimiz\/","name":"De\u011ferlerimiz - Z\u0130MEK MAK\u0130NA","isPartOf":{"@id":"https:\/\/www.zimek.com.tr\/#website"},"datePublished":"2024-01-23T21:50:10+00:00","dateModified":"2024-11-12T13:45:11+00:00","breadcrumb":{"@id":"https:\/\/www.zimek.com.tr\/tr_tr\/degerlerimiz\/#breadcrumb"},"inLanguage":"fr-FR","potentialAction":[{"@type":"ReadAction","target":["https:\/\/www.zimek.com.tr\/tr_tr\/degerlerimiz\/"]}]},{"@type":"BreadcrumbList","@id":"https:\/\/www.zimek.com.tr\/tr_tr\/degerlerimiz\/#breadcrumb","itemListElement":[{"@type":"ListItem","position":1,"name":"Anasayfa","item":"https:\/\/www.zimek.com.tr\/"},{"@type":"ListItem","position":2,"name":"De\u011ferlerimiz"}]},{"@type":"WebSite","@id":"https:\/\/www.zimek.com.tr\/#website","url":"https:\/\/www.zimek.com.tr\/","name":"Z\u0130MEK MAK\u0130NA","description":"Ta\u015fa \u015eekil Veren Teknoloji - Stone Processing Technology","publisher":{"@id":"https:\/\/www.zimek.com.tr\/#organization"},"potentialAction":[{"@type":"SearchAction","target":{"@type":"EntryPoint","urlTemplate":"https:\/\/www.zimek.com.tr\/?s={search_term_string}"},"query-input":{"@type":"PropertyValueSpecification","valueRequired":true,"valueName":"search_term_string"}}],"inLanguage":"fr-FR"},{"@type":"Organization","@id":"https:\/\/www.zimek.com.tr\/#organization","name":"Z\u0130MEK MAK\u0130NA","url":"https:\/\/www.zimek.com.tr\/","logo":{"@type":"ImageObject","inLanguage":"fr-FR","@id":"https:\/\/www.zimek.com.tr\/#\/schema\/logo\/image\/","url":"https:\/\/www.zimek.com.tr\/wp-content\/uploads\/2024\/01\/logo_vectorized.png","contentUrl":"https:\/\/www.zimek.com.tr\/wp-content\/uploads\/2024\/01\/logo_vectorized.png","width":4712,"height":898,"caption":"Z\u0130MEK MAK\u0130NA"},"image":{"@id":"https:\/\/www.zimek.com.tr\/#\/schema\/logo\/image\/"},"sameAs":["https:\/\/www.facebook.com\/zimekmachine","https:\/\/www.instagram.com\/zimekmachine\/","https:\/\/www.youtube.com\/@zimekmachine"]}]}},"_links":{"self":[{"href":"https:\/\/www.zimek.com.tr\/fr\/wp-json\/wp\/v2\/pages\/1007","targetHints":{"allow":["GET"]}}],"collection":[{"href":"https:\/\/www.zimek.com.tr\/fr\/wp-json\/wp\/v2\/pages"}],"about":[{"href":"https:\/\/www.zimek.com.tr\/fr\/wp-json\/wp\/v2\/types\/page"}],"author":[{"embeddable":true,"href":"https:\/\/www.zimek.com.tr\/fr\/wp-json\/wp\/v2\/users\/1"}],"replies":[{"embeddable":true,"href":"https:\/\/www.zimek.com.tr\/fr\/wp-json\/wp\/v2\/comments?post=1007"}],"version-history":[{"count":7,"href":"https:\/\/www.zimek.com.tr\/fr\/wp-json\/wp\/v2\/pages\/1007\/revisions"}],"predecessor-version":[{"id":3577,"href":"https:\/\/www.zimek.com.tr\/fr\/wp-json\/wp\/v2\/pages\/1007\/revisions\/3577"}],"wp:attachment":[{"href":"https:\/\/www.zimek.com.tr\/fr\/wp-json\/wp\/v2\/media?parent=1007"}],"curies":[{"name":"wp","href":"https:\/\/api.w.org\/{rel}","templated":true}]}}