{"id":1022,"date":"2024-01-23T21:54:06","date_gmt":"2024-01-23T21:54:06","guid":{"rendered":"https:\/\/www.zimek.com.tr\/?page_id=1022"},"modified":"2024-10-15T11:36:39","modified_gmt":"2024-10-15T11:36:39","slug":"online-katalog","status":"publish","type":"page","link":"https:\/\/www.zimek.com.tr\/fr\/online-katalog\/","title":{"rendered":"Online Katalog"},"content":{"rendered":"\t\t<div data-elementor-type=\"wp-page\" data-elementor-id=\"1022\" class=\"elementor elementor-1022\" data-elementor-settings=\"{&quot;ha_cmc_init_switcher&quot;:&quot;no&quot;}\" data-elementor-post-type=\"page\">\n\t\t\t\t<div data-particle_enable=\"false\" data-particle-mobile-disabled=\"false\" class=\"elementor-element elementor-element-9731434 e-flex e-con-boxed wpr-particle-no wpr-jarallax-no wpr-parallax-no wpr-sticky-section-no wpr-equal-height-no e-con e-parent\" data-id=\"9731434\" data-element_type=\"container\" data-e-type=\"container\" data-settings=\"{&quot;background_background&quot;:&quot;classic&quot;,&quot;_ha_eqh_enable&quot;:false}\">\n\t\t\t\t\t<div class=\"e-con-inner\">\n\t\t<div data-particle_enable=\"false\" data-particle-mobile-disabled=\"false\" class=\"elementor-element elementor-element-7a8f4f6 e-con-full e-flex wpr-particle-no wpr-jarallax-no wpr-parallax-no wpr-sticky-section-no wpr-equal-height-no e-con e-child\" data-id=\"7a8f4f6\" data-element_type=\"container\" data-e-type=\"container\" data-settings=\"{&quot;_ha_eqh_enable&quot;:false}\">\n\t\t\t\t<div class=\"elementor-element elementor-element-6e34830 exad-sticky-section-no exad-glass-effect-no elementor-widget elementor-widget-heading\" data-id=\"6e34830\" data-element_type=\"widget\" data-e-type=\"widget\" data-widget_type=\"heading.default\">\n\t\t\t\t<div class=\"elementor-widget-container\">\n\t\t\t\t\t<h1 class=\"elementor-heading-title elementor-size-default\">Online Katalog<\/h1>\t\t\t\t<\/div>\n\t\t\t\t<\/div>\n\t\t\t\t<\/div>\n\t\t\t\t\t<\/div>\n\t\t\t\t<\/div>\n\t\t\t\t<section data-particle_enable=\"false\" data-particle-mobile-disabled=\"false\" class=\"elementor-section elementor-top-section elementor-element elementor-element-244b93a elementor-section-boxed elementor-section-height-default elementor-section-height-default exad-glass-effect-no wpr-particle-no wpr-jarallax-no wpr-parallax-no wpr-sticky-section-no wpr-equal-height-no exad-sticky-section-no\" data-id=\"244b93a\" data-element_type=\"section\" data-e-type=\"section\" data-settings=\"{&quot;background_background&quot;:&quot;classic&quot;,&quot;_ha_eqh_enable&quot;:false}\">\n\t\t\t\t\t\t<div class=\"elementor-container elementor-column-gap-no\">\n\t\t\t\t\t<div class=\"elementor-column elementor-col-50 elementor-top-column elementor-element elementor-element-46daf49 exad-glass-effect-no exad-sticky-section-no\" data-id=\"46daf49\" data-element_type=\"column\" data-e-type=\"column\">\n\t\t\t<div class=\"elementor-widget-wrap elementor-element-populated\">\n\t\t\t\t\t\t<div class=\"elementor-element elementor-element-90f5041 exad-sticky-section-no exad-glass-effect-no elementor-widget elementor-widget-heading\" data-id=\"90f5041\" data-element_type=\"widget\" data-e-type=\"widget\" data-widget_type=\"heading.default\">\n\t\t\t\t<div class=\"elementor-widget-container\">\n\t\t\t\t\t<h2 class=\"elementor-heading-title elementor-size-default\">Online Katalo\u011fumuzu hemen g\u00f6nderelim<\/h2>\t\t\t\t<\/div>\n\t\t\t\t<\/div>\n\t\t\t\t<div class=\"elementor-element elementor-element-5c88ca2 exad-sticky-section-no exad-glass-effect-no elementor-widget elementor-widget-text-editor\" data-id=\"5c88ca2\" data-element_type=\"widget\" data-e-type=\"widget\" data-widget_type=\"text-editor.default\">\n\t\t\t\t<div class=\"elementor-widget-container\">\n\t\t\t\t\t\t\t\t\t<p>Zimek, yeti\u015fmi\u015f insan g\u00fcc\u00fcn\u00fcn bir \u015firket i\u00e7in en \u00f6nemli varl\u0131k oldu\u011funun bilincinde ve \u00e7al\u0131\u015fanlar\u0131n\u0131n ki\u015filik ve becerilerini kendilerinin memnuniyetini de g\u00f6z \u00f6n\u00fcnde bulundurarak geli\u015ftirmeyi prensip edinmi\u015ftir.<\/p>\n<p>Ba\u015fl\u0131ca amac\u0131m\u0131z; e\u011fitim d\u00fczeyi y\u00fcksek, k\u00fcresel de\u011fi\u015fimlere ayak uydurabilen, giri\u015fimci, geli\u015fime a\u00e7\u0131k, yetkinli\u011fi olan personelin, kurumumuz b\u00fcnyesindeki ilgili g\u00f6revin \u00f6zelli\u011fine ve tarifine uygun \u015fekilde g\u00f6revlendirilmesini sa\u011flamak ve t\u00fcm personele ki\u015filik ve yeteneklerine g\u00f6re yeti\u015fme ve geli\u015fme imkanlar\u0131 sunmakt\u0131r.<\/p>\n<p>Bu anlamda uygulad\u0131\u011f\u0131m\u0131z e\u011fitim \u00e7al\u0131\u015fmalar\u0131 sayesinde, her bir \u00e7al\u0131\u015fan\u0131n ki\u015fisel ve ki\u015fisel ve mesleki a\u00e7\u0131dan geli\u015fimine katk\u0131da bulunuyoruz.<br>\u0130nsan kaynaklar\u0131 departman\u0131 olarak, \u00fcstlendikleri g\u00f6rev \u00e7er\u00e7evesinde \u00e7al\u0131\u015fanlar\u0131m\u0131z\u0131 \u00e7e\u015fitli stratejiler \u00fcretmeye ve inisiyatif kullanmaya y\u00f6neltirken, b\u00f6ylece mevcut i\u015flerine ve i\u015flerinin sonu\u00e7lar\u0131na sahip \u00e7\u0131kma noktas\u0131nda, kendilerini y\u00fcreklendirmeye \u00e7al\u0131\u015fmaktay\u0131z.<\/p><p><br>\u0130\u015f ba\u015fvurular\u0131 i\u00e7in cvlerinizi&nbsp;<strong>ik@zimek.com.tr <\/strong>adresine g\u00f6nderebilirsiniz.<\/p>\t\t\t\t\t\t\t\t<\/div>\n\t\t\t\t<\/div>\n\t\t\t\t\t<\/div>\n\t\t<\/div>\n\t\t\t\t<div class=\"elementor-column elementor-col-50 elementor-top-column elementor-element elementor-element-165da3b exad-glass-effect-no exad-sticky-section-no\" data-id=\"165da3b\" data-element_type=\"column\" data-e-type=\"column\">\n\t\t\t<div class=\"elementor-widget-wrap elementor-element-populated\">\n\t\t\t\t\t\t<div class=\"elementor-element elementor-element-45f2318 exad-sticky-section-no exad-glass-effect-no elementor-widget elementor-widget-heading\" data-id=\"45f2318\" data-element_type=\"widget\" data-e-type=\"widget\" data-widget_type=\"heading.default\">\n\t\t\t\t<div class=\"elementor-widget-container\">\n\t\t\t\t\t<h2 class=\"elementor-heading-title elementor-size-default\">Online Katalog Formu<\/h2>\t\t\t\t<\/div>\n\t\t\t\t<\/div>\n\t\t\t\t<div class=\"elementor-element elementor-element-221260d exad-sticky-section-no exad-glass-effect-no elementor-widget elementor-widget-wpforms\" data-id=\"221260d\" data-element_type=\"widget\" data-e-type=\"widget\" data-widget_type=\"wpforms.default\">\n\t\t\t\t<div class=\"elementor-widget-container\">\n\t\t\t\t\t<div class=\"wpforms-container \" id=\"wpforms-1505\"><form id=\"wpforms-form-1505\" class=\"wpforms-validate wpforms-form wpforms-ajax-form\" data-formid=\"1505\" method=\"post\" enctype=\"multipart\/form-data\" action=\"\/fr\/wp-json\/wp\/v2\/pages\/1022\" data-token=\"1c42a776f545abb5be7879a0e2e2d4ee\" data-token-time=\"1777241018\"><noscript class=\"wpforms-error-noscript\">Veuillez activer JavaScript dans votre navigateur pour remplir ce formulaire.<\/noscript><div class=\"wpforms-field-container\"><div id=\"wpforms-1505-field_1-container\" class=\"wpforms-field wpforms-field-text\" data-field-id=\"1\"><label class=\"wpforms-field-label wpforms-label-hide\" for=\"wpforms-1505-field_1\">Ad\u0131 Soyad\u0131 <span class=\"wpforms-required-label\">*<\/span><\/label><input type=\"text\" id=\"wpforms-1505-field_1\" class=\"wpforms-field-large wpforms-field-required\" name=\"wpforms[fields][1]\" placeholder=\"Ad\u0131 Soyad\u0131\" required><\/div><div id=\"wpforms-1505-field_2-container\" class=\"wpforms-field wpforms-field-text\" data-field-id=\"2\"><label class=\"wpforms-field-label wpforms-label-hide\" for=\"wpforms-1505-field_2\">Firma Ad\u0131 <span class=\"wpforms-required-label\">*<\/span><\/label><input type=\"text\" id=\"wpforms-1505-field_2\" class=\"wpforms-field-large wpforms-field-required\" name=\"wpforms[fields][2]\" placeholder=\"Firma Ad\u0131\" required><\/div><div id=\"wpforms-1505-field_3-container\" class=\"wpforms-field wpforms-field-text\" data-field-id=\"3\"><label class=\"wpforms-field-label wpforms-label-hide\" for=\"wpforms-1505-field_3\">Telefon <span class=\"wpforms-required-label\">*<\/span><\/label><input type=\"text\" id=\"wpforms-1505-field_3\" class=\"wpforms-field-large wpforms-field-required\" name=\"wpforms[fields][3]\" placeholder=\"Telefon\" required><\/div><div id=\"wpforms-1505-field_4-container\" class=\"wpforms-field wpforms-field-text\" data-field-id=\"4\"><label class=\"wpforms-field-label wpforms-label-hide\" for=\"wpforms-1505-field_4\">E-mail <span class=\"wpforms-required-label\">*<\/span><\/label><input type=\"text\" id=\"wpforms-1505-field_4\" class=\"wpforms-field-large wpforms-field-required\" name=\"wpforms[fields][4]\" placeholder=\"E-mail\" required><\/div><\/div><!-- .wpforms-field-container --><div class=\"wpforms-submit-container\" ><input type=\"hidden\" name=\"wpforms[id]\" value=\"1505\"><input type=\"hidden\" name=\"page_title\" value=\"\"><input type=\"hidden\" name=\"page_url\" value=\"https:\/\/www.zimek.com.tr\/fr\/wp-json\/wp\/v2\/pages\/1022\"><input type=\"hidden\" name=\"url_referer\" value=\"\"><button type=\"submit\" name=\"wpforms[submit]\" id=\"wpforms-submit-1505\" class=\"wpforms-submit\" data-alt-text=\"G\u00f6nderiliyor...\" data-submit-text=\"G\u00f6nder\" aria-live=\"assertive\" value=\"wpforms-submit\">G\u00f6nder<\/button><img decoding=\"async\" src=\"https:\/\/www.zimek.com.tr\/wp-content\/plugins\/wpforms-lite\/assets\/images\/submit-spin.svg\" class=\"wpforms-submit-spinner\" style=\"display: none;\" width=\"26\" height=\"26\" alt=\"Chargement en cours\"><\/div><\/form><\/div>  <!-- .wpforms-container -->\t\t\t\t<\/div>\n\t\t\t\t<\/div>\n\t\t\t\t\t<\/div>\n\t\t<\/div>\n\t\t\t\t\t<\/div>\n\t\t<\/section>\n\t\t\t\t<\/div>\n\t\t","protected":false},"excerpt":{"rendered":"<p>Online Katalog Online Katalo\u011fumuzu hemen g\u00f6nderelim Zimek, yeti\u015fmi\u015f insan g\u00fcc\u00fcn\u00fcn bir \u015firket i\u00e7in en \u00f6nemli varl\u0131k oldu\u011funun bilincinde ve \u00e7al\u0131\u015fanlar\u0131n\u0131n ki\u015filik ve becerilerini kendilerinin memnuniyetini de g\u00f6z \u00f6n\u00fcnde bulundurarak geli\u015ftirmeyi prensip edinmi\u015ftir. Ba\u015fl\u0131ca amac\u0131m\u0131z; e\u011fitim d\u00fczeyi y\u00fcksek, k\u00fcresel de\u011fi\u015fimlere ayak uydurabilen, giri\u015fimci, geli\u015fime a\u00e7\u0131k, yetkinli\u011fi olan personelin, kurumumuz b\u00fcnyesindeki ilgili g\u00f6revin \u00f6zelli\u011fine ve tarifine uygun \u015fekilde g\u00f6revlendirilmesini sa\u011flamak ve t\u00fcm personele ki\u015filik ve yeteneklerine g\u00f6re yeti\u015fme ve geli\u015fme imkanlar\u0131 sunmakt\u0131r. Bu anlamda uygulad\u0131\u011f\u0131m\u0131z e\u011fitim \u00e7al\u0131\u015fmalar\u0131 sayesinde, her bir \u00e7al\u0131\u015fan\u0131n ki\u015fisel ve ki\u015fisel ve mesleki a\u00e7\u0131dan geli\u015fimine katk\u0131da bulunuyoruz.\u0130nsan kaynaklar\u0131 departman\u0131 olarak, \u00fcstlendikleri g\u00f6rev \u00e7er\u00e7evesinde \u00e7al\u0131\u015fanlar\u0131m\u0131z\u0131 \u00e7e\u015fitli stratejiler \u00fcretmeye ve inisiyatif kullanmaya y\u00f6neltirken, b\u00f6ylece mevcut i\u015flerine ve i\u015flerinin sonu\u00e7lar\u0131na sahip \u00e7\u0131kma noktas\u0131nda, kendilerini y\u00fcreklendirmeye \u00e7al\u0131\u015fmaktay\u0131z. \u0130\u015f ba\u015fvurular\u0131 i\u00e7in cvlerinizi&nbsp;ik@zimek.com.tr adresine g\u00f6nderebilirsiniz. Online Katalog Formu Bu formu bitirebilmek i\u00e7in taray\u0131c\u0131n\u0131zda JavaScript&#039;i etkinle\u015ftirin.Ad\u0131 Soyad\u0131 *Firma Ad\u0131 *Telefon *E-mail * G\u00f6nder<\/p>","protected":false},"author":1,"featured_media":0,"parent":0,"menu_order":0,"comment_status":"closed","ping_status":"closed","template":"","meta":{"site-sidebar-layout":"no-sidebar","site-content-layout":"page-builder","ast-site-content-layout":"default","site-content-style":"default","site-sidebar-style":"default","ast-global-header-display":"","ast-banner-title-visibility":"","ast-main-header-display":"","ast-hfb-above-header-display":"","ast-hfb-below-header-display":"","ast-hfb-mobile-header-display":"","site-post-title":"disabled","ast-breadcrumbs-content":"disabled","ast-featured-img":"disabled","footer-sml-layout":"","ast-disable-related-posts":"","theme-transparent-header-meta":"enabled","adv-header-id-meta":"","stick-header-meta":"","header-above-stick-meta":"","header-main-stick-meta":"","header-below-stick-meta":"","astra-migrate-meta-layouts":"default","ast-page-background-enabled":"default","ast-page-background-meta":{"desktop":{"background-color":"var(--ast-global-color-4)","background-image":"","background-repeat":"repeat","background-position":"center center","background-size":"auto","background-attachment":"scroll","background-type":"","background-media":"","overlay-type":"","overlay-color":"","overlay-opacity":"","overlay-gradient":""},"tablet":{"background-color":"","background-image":"","background-repeat":"repeat","background-position":"center center","background-size":"auto","background-attachment":"scroll","background-type":"","background-media":"","overlay-type":"","overlay-color":"","overlay-opacity":"","overlay-gradient":""},"mobile":{"background-color":"","background-image":"","background-repeat":"repeat","background-position":"center center","background-size":"auto","background-attachment":"scroll","background-type":"","background-media":"","overlay-type":"","overlay-color":"","overlay-opacity":"","overlay-gradient":""}},"ast-content-background-meta":{"desktop":{"background-color":"var(--ast-global-color-5)","background-image":"","background-repeat":"repeat","background-position":"center center","background-size":"auto","background-attachment":"scroll","background-type":"","background-media":"","overlay-type":"","overlay-color":"","overlay-opacity":"","overlay-gradient":""},"tablet":{"background-color":"var(--ast-global-color-5)","background-image":"","background-repeat":"repeat","background-position":"center center","background-size":"auto","background-attachment":"scroll","background-type":"","background-media":"","overlay-type":"","overlay-color":"","overlay-opacity":"","overlay-gradient":""},"mobile":{"background-color":"var(--ast-global-color-5)","background-image":"","background-repeat":"repeat","background-position":"center center","background-size":"auto","background-attachment":"scroll","background-type":"","background-media":"","overlay-type":"","overlay-color":"","overlay-opacity":"","overlay-gradient":""}},"footnotes":""},"class_list":["post-1022","page","type-page","status-publish","hentry"],"yoast_head":"<!-- This site is optimized with the Yoast SEO plugin v27.4 - https:\/\/yoast.com\/product\/yoast-seo-wordpress\/ -->\n<title>Online Katalog - Z\u0130MEK MAK\u0130NA<\/title>\n<meta name=\"robots\" content=\"index, follow, max-snippet:-1, max-image-preview:large, max-video-preview:-1\" \/>\n<link rel=\"canonical\" href=\"https:\/\/www.zimek.com.tr\/fr\/online-katalog\/\" \/>\n<meta property=\"og:locale\" content=\"fr_FR\" \/>\n<meta property=\"og:type\" content=\"article\" \/>\n<meta property=\"og:title\" content=\"Online Katalog - Z\u0130MEK MAK\u0130NA\" \/>\n<meta property=\"og:description\" content=\"Online Katalog Online Katalo\u011fumuzu hemen g\u00f6nderelim Zimek, yeti\u015fmi\u015f insan g\u00fcc\u00fcn\u00fcn bir \u015firket i\u00e7in en \u00f6nemli varl\u0131k oldu\u011funun bilincinde ve \u00e7al\u0131\u015fanlar\u0131n\u0131n ki\u015filik ve becerilerini kendilerinin memnuniyetini de g\u00f6z \u00f6n\u00fcnde bulundurarak geli\u015ftirmeyi prensip edinmi\u015ftir. Ba\u015fl\u0131ca amac\u0131m\u0131z; e\u011fitim d\u00fczeyi y\u00fcksek, k\u00fcresel de\u011fi\u015fimlere ayak uydurabilen, giri\u015fimci, geli\u015fime a\u00e7\u0131k, yetkinli\u011fi olan personelin, kurumumuz b\u00fcnyesindeki ilgili g\u00f6revin \u00f6zelli\u011fine ve tarifine uygun \u015fekilde g\u00f6revlendirilmesini sa\u011flamak ve t\u00fcm personele ki\u015filik ve yeteneklerine g\u00f6re yeti\u015fme ve geli\u015fme imkanlar\u0131 sunmakt\u0131r. Bu anlamda uygulad\u0131\u011f\u0131m\u0131z e\u011fitim \u00e7al\u0131\u015fmalar\u0131 sayesinde, her bir \u00e7al\u0131\u015fan\u0131n ki\u015fisel ve ki\u015fisel ve mesleki a\u00e7\u0131dan geli\u015fimine katk\u0131da bulunuyoruz.\u0130nsan kaynaklar\u0131 departman\u0131 olarak, \u00fcstlendikleri g\u00f6rev \u00e7er\u00e7evesinde \u00e7al\u0131\u015fanlar\u0131m\u0131z\u0131 \u00e7e\u015fitli stratejiler \u00fcretmeye ve inisiyatif kullanmaya y\u00f6neltirken, b\u00f6ylece mevcut i\u015flerine ve i\u015flerinin sonu\u00e7lar\u0131na sahip \u00e7\u0131kma noktas\u0131nda, kendilerini y\u00fcreklendirmeye \u00e7al\u0131\u015fmaktay\u0131z. \u0130\u015f ba\u015fvurular\u0131 i\u00e7in cvlerinizi&nbsp;ik@zimek.com.tr adresine g\u00f6nderebilirsiniz. Online Katalog Formu Bu formu bitirebilmek i\u00e7in taray\u0131c\u0131n\u0131zda JavaScript&#039;i etkinle\u015ftirin.Ad\u0131 Soyad\u0131 *Firma Ad\u0131 *Telefon *E-mail * G\u00f6nder\" \/>\n<meta property=\"og:url\" content=\"https:\/\/www.zimek.com.tr\/fr\/online-katalog\/\" \/>\n<meta property=\"og:site_name\" content=\"Z\u0130MEK MAK\u0130NA\" \/>\n<meta property=\"article:publisher\" content=\"https:\/\/www.facebook.com\/zimekmachine\" \/>\n<meta property=\"article:modified_time\" content=\"2024-10-15T11:36:39+00:00\" \/>\n<meta property=\"og:image\" content=\"https:\/\/www.zimek.com.tr\/wp-content\/plugins\/wpforms-lite\/assets\/images\/submit-spin.svg\" \/>\n<meta name=\"twitter:card\" content=\"summary_large_image\" \/>\n<meta name=\"twitter:label1\" content=\"Dur\u00e9e de lecture estim\u00e9e\" \/>\n\t<meta name=\"twitter:data1\" content=\"1 minute\" \/>\n<script type=\"application\/ld+json\" class=\"yoast-schema-graph\">{\"@context\":\"https:\\\/\\\/schema.org\",\"@graph\":[{\"@type\":\"WebPage\",\"@id\":\"https:\\\/\\\/www.zimek.com.tr\\\/online-katalog\\\/\",\"url\":\"https:\\\/\\\/www.zimek.com.tr\\\/online-katalog\\\/\",\"name\":\"Online Katalog - Z\u0130MEK MAK\u0130NA\",\"isPartOf\":{\"@id\":\"https:\\\/\\\/www.zimek.com.tr\\\/#website\"},\"primaryImageOfPage\":{\"@id\":\"https:\\\/\\\/www.zimek.com.tr\\\/online-katalog\\\/#primaryimage\"},\"image\":{\"@id\":\"https:\\\/\\\/www.zimek.com.tr\\\/online-katalog\\\/#primaryimage\"},\"thumbnailUrl\":\"https:\\\/\\\/www.zimek.com.tr\\\/wp-content\\\/plugins\\\/wpforms-lite\\\/assets\\\/images\\\/submit-spin.svg\",\"datePublished\":\"2024-01-23T21:54:06+00:00\",\"dateModified\":\"2024-10-15T11:36:39+00:00\",\"breadcrumb\":{\"@id\":\"https:\\\/\\\/www.zimek.com.tr\\\/online-katalog\\\/#breadcrumb\"},\"inLanguage\":\"fr-FR\",\"potentialAction\":[{\"@type\":\"ReadAction\",\"target\":[\"https:\\\/\\\/www.zimek.com.tr\\\/online-katalog\\\/\"]}]},{\"@type\":\"ImageObject\",\"inLanguage\":\"fr-FR\",\"@id\":\"https:\\\/\\\/www.zimek.com.tr\\\/online-katalog\\\/#primaryimage\",\"url\":\"https:\\\/\\\/www.zimek.com.tr\\\/wp-content\\\/plugins\\\/wpforms-lite\\\/assets\\\/images\\\/submit-spin.svg\",\"contentUrl\":\"https:\\\/\\\/www.zimek.com.tr\\\/wp-content\\\/plugins\\\/wpforms-lite\\\/assets\\\/images\\\/submit-spin.svg\"},{\"@type\":\"BreadcrumbList\",\"@id\":\"https:\\\/\\\/www.zimek.com.tr\\\/online-katalog\\\/#breadcrumb\",\"itemListElement\":[{\"@type\":\"ListItem\",\"position\":1,\"name\":\"Anasayfa\",\"item\":\"https:\\\/\\\/www.zimek.com.tr\\\/\"},{\"@type\":\"ListItem\",\"position\":2,\"name\":\"Online Katalog\"}]},{\"@type\":\"WebSite\",\"@id\":\"https:\\\/\\\/www.zimek.com.tr\\\/#website\",\"url\":\"https:\\\/\\\/www.zimek.com.tr\\\/\",\"name\":\"Z\u0130MEK MAK\u0130NA\",\"description\":\"Ta\u015fa \u015eekil Veren Teknoloji - Stone Processing Technology\",\"publisher\":{\"@id\":\"https:\\\/\\\/www.zimek.com.tr\\\/#organization\"},\"potentialAction\":[{\"@type\":\"SearchAction\",\"target\":{\"@type\":\"EntryPoint\",\"urlTemplate\":\"https:\\\/\\\/www.zimek.com.tr\\\/?s={search_term_string}\"},\"query-input\":{\"@type\":\"PropertyValueSpecification\",\"valueRequired\":true,\"valueName\":\"search_term_string\"}}],\"inLanguage\":\"fr-FR\"},{\"@type\":\"Organization\",\"@id\":\"https:\\\/\\\/www.zimek.com.tr\\\/#organization\",\"name\":\"Z\u0130MEK MAK\u0130NA\",\"url\":\"https:\\\/\\\/www.zimek.com.tr\\\/\",\"logo\":{\"@type\":\"ImageObject\",\"inLanguage\":\"fr-FR\",\"@id\":\"https:\\\/\\\/www.zimek.com.tr\\\/#\\\/schema\\\/logo\\\/image\\\/\",\"url\":\"https:\\\/\\\/www.zimek.com.tr\\\/wp-content\\\/uploads\\\/2024\\\/01\\\/logo_vectorized.png\",\"contentUrl\":\"https:\\\/\\\/www.zimek.com.tr\\\/wp-content\\\/uploads\\\/2024\\\/01\\\/logo_vectorized.png\",\"width\":4712,\"height\":898,\"caption\":\"Z\u0130MEK MAK\u0130NA\"},\"image\":{\"@id\":\"https:\\\/\\\/www.zimek.com.tr\\\/#\\\/schema\\\/logo\\\/image\\\/\"},\"sameAs\":[\"https:\\\/\\\/www.facebook.com\\\/zimekmachine\",\"https:\\\/\\\/www.instagram.com\\\/zimekmachine\\\/\",\"https:\\\/\\\/www.youtube.com\\\/@zimekmachine\"]}]}<\/script>\n<!-- \/ Yoast SEO plugin. -->","yoast_head_json":{"title":"Online Katalog - Z\u0130MEK MAK\u0130NA","robots":{"index":"index","follow":"follow","max-snippet":"max-snippet:-1","max-image-preview":"max-image-preview:large","max-video-preview":"max-video-preview:-1"},"canonical":"https:\/\/www.zimek.com.tr\/fr\/online-katalog\/","og_locale":"fr_FR","og_type":"article","og_title":"Online Katalog - Z\u0130MEK MAK\u0130NA","og_description":"Online Katalog Online Katalo\u011fumuzu hemen g\u00f6nderelim Zimek, yeti\u015fmi\u015f insan g\u00fcc\u00fcn\u00fcn bir \u015firket i\u00e7in en \u00f6nemli varl\u0131k oldu\u011funun bilincinde ve \u00e7al\u0131\u015fanlar\u0131n\u0131n ki\u015filik ve becerilerini kendilerinin memnuniyetini de g\u00f6z \u00f6n\u00fcnde bulundurarak geli\u015ftirmeyi prensip edinmi\u015ftir. Ba\u015fl\u0131ca amac\u0131m\u0131z; e\u011fitim d\u00fczeyi y\u00fcksek, k\u00fcresel de\u011fi\u015fimlere ayak uydurabilen, giri\u015fimci, geli\u015fime a\u00e7\u0131k, yetkinli\u011fi olan personelin, kurumumuz b\u00fcnyesindeki ilgili g\u00f6revin \u00f6zelli\u011fine ve tarifine uygun \u015fekilde g\u00f6revlendirilmesini sa\u011flamak ve t\u00fcm personele ki\u015filik ve yeteneklerine g\u00f6re yeti\u015fme ve geli\u015fme imkanlar\u0131 sunmakt\u0131r. Bu anlamda uygulad\u0131\u011f\u0131m\u0131z e\u011fitim \u00e7al\u0131\u015fmalar\u0131 sayesinde, her bir \u00e7al\u0131\u015fan\u0131n ki\u015fisel ve ki\u015fisel ve mesleki a\u00e7\u0131dan geli\u015fimine katk\u0131da bulunuyoruz.\u0130nsan kaynaklar\u0131 departman\u0131 olarak, \u00fcstlendikleri g\u00f6rev \u00e7er\u00e7evesinde \u00e7al\u0131\u015fanlar\u0131m\u0131z\u0131 \u00e7e\u015fitli stratejiler \u00fcretmeye ve inisiyatif kullanmaya y\u00f6neltirken, b\u00f6ylece mevcut i\u015flerine ve i\u015flerinin sonu\u00e7lar\u0131na sahip \u00e7\u0131kma noktas\u0131nda, kendilerini y\u00fcreklendirmeye \u00e7al\u0131\u015fmaktay\u0131z. \u0130\u015f ba\u015fvurular\u0131 i\u00e7in cvlerinizi&nbsp;ik@zimek.com.tr adresine g\u00f6nderebilirsiniz. Online Katalog Formu Bu formu bitirebilmek i\u00e7in taray\u0131c\u0131n\u0131zda JavaScript&#039;i etkinle\u015ftirin.Ad\u0131 Soyad\u0131 *Firma Ad\u0131 *Telefon *E-mail * G\u00f6nder","og_url":"https:\/\/www.zimek.com.tr\/fr\/online-katalog\/","og_site_name":"Z\u0130MEK MAK\u0130NA","article_publisher":"https:\/\/www.facebook.com\/zimekmachine","article_modified_time":"2024-10-15T11:36:39+00:00","og_image":[{"url":"https:\/\/www.zimek.com.tr\/wp-content\/plugins\/wpforms-lite\/assets\/images\/submit-spin.svg","type":"","width":"","height":""}],"twitter_card":"summary_large_image","twitter_misc":{"Dur\u00e9e de lecture estim\u00e9e":"1 minute"},"schema":{"@context":"https:\/\/schema.org","@graph":[{"@type":"WebPage","@id":"https:\/\/www.zimek.com.tr\/online-katalog\/","url":"https:\/\/www.zimek.com.tr\/online-katalog\/","name":"Online Katalog - Z\u0130MEK MAK\u0130NA","isPartOf":{"@id":"https:\/\/www.zimek.com.tr\/#website"},"primaryImageOfPage":{"@id":"https:\/\/www.zimek.com.tr\/online-katalog\/#primaryimage"},"image":{"@id":"https:\/\/www.zimek.com.tr\/online-katalog\/#primaryimage"},"thumbnailUrl":"https:\/\/www.zimek.com.tr\/wp-content\/plugins\/wpforms-lite\/assets\/images\/submit-spin.svg","datePublished":"2024-01-23T21:54:06+00:00","dateModified":"2024-10-15T11:36:39+00:00","breadcrumb":{"@id":"https:\/\/www.zimek.com.tr\/online-katalog\/#breadcrumb"},"inLanguage":"fr-FR","potentialAction":[{"@type":"ReadAction","target":["https:\/\/www.zimek.com.tr\/online-katalog\/"]}]},{"@type":"ImageObject","inLanguage":"fr-FR","@id":"https:\/\/www.zimek.com.tr\/online-katalog\/#primaryimage","url":"https:\/\/www.zimek.com.tr\/wp-content\/plugins\/wpforms-lite\/assets\/images\/submit-spin.svg","contentUrl":"https:\/\/www.zimek.com.tr\/wp-content\/plugins\/wpforms-lite\/assets\/images\/submit-spin.svg"},{"@type":"BreadcrumbList","@id":"https:\/\/www.zimek.com.tr\/online-katalog\/#breadcrumb","itemListElement":[{"@type":"ListItem","position":1,"name":"Anasayfa","item":"https:\/\/www.zimek.com.tr\/"},{"@type":"ListItem","position":2,"name":"Online Katalog"}]},{"@type":"WebSite","@id":"https:\/\/www.zimek.com.tr\/#website","url":"https:\/\/www.zimek.com.tr\/","name":"Z\u0130MEK MAK\u0130NA","description":"Ta\u015fa \u015eekil Veren Teknoloji - Stone Processing Technology","publisher":{"@id":"https:\/\/www.zimek.com.tr\/#organization"},"potentialAction":[{"@type":"SearchAction","target":{"@type":"EntryPoint","urlTemplate":"https:\/\/www.zimek.com.tr\/?s={search_term_string}"},"query-input":{"@type":"PropertyValueSpecification","valueRequired":true,"valueName":"search_term_string"}}],"inLanguage":"fr-FR"},{"@type":"Organization","@id":"https:\/\/www.zimek.com.tr\/#organization","name":"Z\u0130MEK MAK\u0130NA","url":"https:\/\/www.zimek.com.tr\/","logo":{"@type":"ImageObject","inLanguage":"fr-FR","@id":"https:\/\/www.zimek.com.tr\/#\/schema\/logo\/image\/","url":"https:\/\/www.zimek.com.tr\/wp-content\/uploads\/2024\/01\/logo_vectorized.png","contentUrl":"https:\/\/www.zimek.com.tr\/wp-content\/uploads\/2024\/01\/logo_vectorized.png","width":4712,"height":898,"caption":"Z\u0130MEK MAK\u0130NA"},"image":{"@id":"https:\/\/www.zimek.com.tr\/#\/schema\/logo\/image\/"},"sameAs":["https:\/\/www.facebook.com\/zimekmachine","https:\/\/www.instagram.com\/zimekmachine\/","https:\/\/www.youtube.com\/@zimekmachine"]}]}},"_links":{"self":[{"href":"https:\/\/www.zimek.com.tr\/fr\/wp-json\/wp\/v2\/pages\/1022","targetHints":{"allow":["GET"]}}],"collection":[{"href":"https:\/\/www.zimek.com.tr\/fr\/wp-json\/wp\/v2\/pages"}],"about":[{"href":"https:\/\/www.zimek.com.tr\/fr\/wp-json\/wp\/v2\/types\/page"}],"author":[{"embeddable":true,"href":"https:\/\/www.zimek.com.tr\/fr\/wp-json\/wp\/v2\/users\/1"}],"replies":[{"embeddable":true,"href":"https:\/\/www.zimek.com.tr\/fr\/wp-json\/wp\/v2\/comments?post=1022"}],"version-history":[{"count":10,"href":"https:\/\/www.zimek.com.tr\/fr\/wp-json\/wp\/v2\/pages\/1022\/revisions"}],"predecessor-version":[{"id":3398,"href":"https:\/\/www.zimek.com.tr\/fr\/wp-json\/wp\/v2\/pages\/1022\/revisions\/3398"}],"wp:attachment":[{"href":"https:\/\/www.zimek.com.tr\/fr\/wp-json\/wp\/v2\/media?parent=1022"}],"curies":[{"name":"wp","href":"https:\/\/api.w.org\/{rel}","templated":true}]}}