{"id":2065,"date":"2024-02-07T11:10:12","date_gmt":"2024-02-07T11:10:12","guid":{"rendered":"https:\/\/www.zimek.com.tr\/?page_id=2065"},"modified":"2024-11-13T06:39:49","modified_gmt":"2024-11-13T06:39:49","slug":"referanlarimiz","status":"publish","type":"page","link":"https:\/\/www.zimek.com.tr\/tr_tr\/kurumsal\/referanlarimiz\/","title":{"rendered":"Referanlar\u0131m\u0131z"},"content":{"rendered":"\t\t<div data-elementor-type=\"wp-page\" data-elementor-id=\"2065\" class=\"elementor elementor-2065\" data-elementor-settings=\"{&quot;ha_cmc_init_switcher&quot;:&quot;no&quot;}\" data-elementor-post-type=\"page\">\n\t\t\t\t<div data-particle_enable=\"false\" data-particle-mobile-disabled=\"false\" class=\"elementor-element elementor-element-02d364d e-flex e-con-boxed wpr-particle-no wpr-jarallax-no wpr-parallax-no wpr-sticky-section-no wpr-equal-height-no e-con e-parent\" data-id=\"02d364d\" data-element_type=\"container\" data-e-type=\"container\" data-settings=\"{&quot;_ha_eqh_enable&quot;:false}\">\n\t\t\t\t\t<div class=\"e-con-inner\">\n\t\t<div data-particle_enable=\"false\" data-particle-mobile-disabled=\"false\" class=\"elementor-element elementor-element-5b8f252 e-flex e-con-boxed wpr-particle-no wpr-jarallax-no wpr-parallax-no wpr-sticky-section-no wpr-equal-height-no e-con e-child\" data-id=\"5b8f252\" data-element_type=\"container\" data-e-type=\"container\" data-settings=\"{&quot;_ha_eqh_enable&quot;:false}\">\n\t\t\t\t\t<div class=\"e-con-inner\">\n\t\t\t\t<div class=\"elementor-element elementor-element-d8149dd exad-sticky-section-no exad-glass-effect-no elementor-widget elementor-widget-heading\" data-id=\"d8149dd\" data-element_type=\"widget\" data-e-type=\"widget\" data-widget_type=\"heading.default\">\n\t\t\t\t<div class=\"elementor-widget-container\">\n\t\t\t\t\t<h2 class=\"elementor-heading-title elementor-size-default\">T\u00fcrkiye'de ve D\u00fcnya'da 500'den fazla referans!<\/h2>\t\t\t\t<\/div>\n\t\t\t\t<\/div>\n\t\t\t\t\t<\/div>\n\t\t\t\t<\/div>\n\t\t\t\t\t<\/div>\n\t\t\t\t<\/div>\n\t\t<div data-particle_enable=\"false\" data-particle-mobile-disabled=\"false\" class=\"elementor-element elementor-element-bada959 e-con-full e-flex wpr-particle-no wpr-jarallax-no wpr-parallax-no wpr-sticky-section-no wpr-equal-height-no e-con e-parent\" data-id=\"bada959\" data-element_type=\"container\" data-e-type=\"container\" data-settings=\"{&quot;background_background&quot;:&quot;classic&quot;,&quot;background_motion_fx_motion_fx_scrolling&quot;:&quot;yes&quot;,&quot;background_motion_fx_devices&quot;:[&quot;desktop&quot;,&quot;tablet&quot;,&quot;mobile&quot;],&quot;_ha_eqh_enable&quot;:false}\">\n\t\t<div data-particle_enable=\"false\" data-particle-mobile-disabled=\"false\" class=\"elementor-element elementor-element-ecfed8c e-con-full e-flex wpr-particle-no wpr-jarallax-no wpr-parallax-no wpr-sticky-section-no wpr-equal-height-no e-con e-child\" data-id=\"ecfed8c\" data-element_type=\"container\" data-e-type=\"container\" data-settings=\"{&quot;_ha_eqh_enable&quot;:false}\">\n\t\t\t\t<\/div>\n\t\t<div data-particle_enable=\"false\" data-particle-mobile-disabled=\"false\" class=\"elementor-element elementor-element-a5793e6 e-con-full e-flex wpr-particle-no wpr-jarallax-no wpr-parallax-no wpr-sticky-section-no wpr-equal-height-no e-con e-child\" data-id=\"a5793e6\" data-element_type=\"container\" data-e-type=\"container\" data-settings=\"{&quot;_ha_eqh_enable&quot;:false}\">\n\t\t\t\t<div class=\"elementor-element elementor-element-0a17c61 exad-sticky-section-no exad-glass-effect-no elementor-widget elementor-widget-image-carousel\" data-id=\"0a17c61\" data-element_type=\"widget\" data-e-type=\"widget\" data-settings=\"{&quot;slides_to_show&quot;:&quot;1&quot;,&quot;navigation&quot;:&quot;none&quot;,&quot;autoplay_speed&quot;:2000,&quot;speed&quot;:300,&quot;autoplay&quot;:&quot;yes&quot;,&quot;pause_on_hover&quot;:&quot;yes&quot;,&quot;pause_on_interaction&quot;:&quot;yes&quot;,&quot;infinite&quot;:&quot;yes&quot;,&quot;effect&quot;:&quot;slide&quot;}\" data-widget_type=\"image-carousel.default\">\n\t\t\t\t<div class=\"elementor-widget-container\">\n\t\t\t\t\t\t\t<div class=\"elementor-image-carousel-wrapper swiper\" role=\"region\" aria-roledescription=\"carousel\" aria-label=\"Resim D\u00f6ng\u00fcs\u00fc\" dir=\"ltr\">\n\t\t\t<div class=\"elementor-image-carousel swiper-wrapper\" aria-live=\"off\">\n\t\t\t\t\t\t\t\t<div class=\"swiper-slide\" role=\"group\" aria-roledescription=\"slide\" aria-label=\"1 \/ 6\"><figure class=\"swiper-slide-inner\"><img decoding=\"async\" class=\"swiper-slide-image\" src=\"https:\/\/www.zimek.com.tr\/wp-content\/uploads\/elementor\/thumbs\/alsem-qjk4i8e9335bugjm5inghhv176qw81sa4qqkyzdfp4.jpg\" alt=\"alsem\" \/><\/figure><\/div><div class=\"swiper-slide\" role=\"group\" aria-roledescription=\"slide\" aria-label=\"2 \/ 6\"><figure class=\"swiper-slide-inner\"><img decoding=\"async\" class=\"swiper-slide-image\" src=\"https:\/\/www.zimek.com.tr\/wp-content\/uploads\/elementor\/thumbs\/hurok-qjk4ihsmzfi72k5ymmpq6fhn51gkd0tli19frqzhyw.jpg\" alt=\"h\u00fcrok\" \/><\/figure><\/div><div class=\"swiper-slide\" role=\"group\" aria-roledescription=\"slide\" aria-label=\"3 \/ 6\"><figure class=\"swiper-slide-inner\"><img decoding=\"async\" class=\"swiper-slide-image\" src=\"https:\/\/www.zimek.com.tr\/wp-content\/uploads\/elementor\/thumbs\/karamehmet-qjk4iljzqrncd00i0oc8gejhiky17t8iujvdoutxa0.jpg\" alt=\"karamehmet\" \/><\/figure><\/div><div class=\"swiper-slide\" role=\"group\" aria-roledescription=\"slide\" aria-label=\"4 \/ 6\"><figure class=\"swiper-slide-inner\"><img decoding=\"async\" class=\"swiper-slide-image\" src=\"https:\/\/www.zimek.com.tr\/wp-content\/uploads\/elementor\/thumbs\/pinar-qjk4iq96oxtrz1to98ddavcshiavaar6j74t38myew.jpg\" alt=\"p\u0131nar\" \/><\/figure><\/div><div class=\"swiper-slide\" role=\"group\" aria-roledescription=\"slide\" aria-label=\"5 \/ 6\"><figure class=\"swiper-slide-inner\"><img decoding=\"async\" class=\"swiper-slide-image\" src=\"https:\/\/www.zimek.com.tr\/wp-content\/uploads\/elementor\/thumbs\/sentas-qjk4iu0jg9yx9ho7n9zvkuemv1sc5363vpqr0chdq0.jpg\" alt=\"sentas\" \/><\/figure><\/div><div class=\"swiper-slide\" role=\"group\" aria-roledescription=\"slide\" aria-label=\"6 \/ 6\"><figure class=\"swiper-slide-inner\"><img decoding=\"async\" class=\"swiper-slide-image\" src=\"https:\/\/www.zimek.com.tr\/wp-content\/uploads\/elementor\/thumbs\/taymandos-qjk4ixrw7m42jxir1bmdutgh8l9szvl188coxgbt14.jpg\" alt=\"taymandos\" \/><\/figure><\/div>\t\t\t<\/div>\n\t\t\t\t\t\t\t\n\t\t\t\t\t\t\t\t\t<\/div>\n\t\t\t\t\t\t<\/div>\n\t\t\t\t<\/div>\n\t\t\t\t<\/div>\n\t\t<div data-particle_enable=\"false\" data-particle-mobile-disabled=\"false\" class=\"elementor-element elementor-element-b01c532 e-con-full e-flex wpr-particle-no wpr-jarallax-no wpr-parallax-no wpr-sticky-section-no wpr-equal-height-no e-con e-child\" data-id=\"b01c532\" data-element_type=\"container\" data-e-type=\"container\" data-settings=\"{&quot;_ha_eqh_enable&quot;:false}\">\n\t\t\t\t<\/div>\n\t\t\t\t<\/div>\n\t\t<div data-particle_enable=\"false\" data-particle-mobile-disabled=\"false\" class=\"elementor-element elementor-element-3e41451 e-con-full e-flex wpr-particle-no wpr-jarallax-no wpr-parallax-no wpr-sticky-section-no wpr-equal-height-no e-con e-parent\" data-id=\"3e41451\" data-element_type=\"container\" data-e-type=\"container\" data-settings=\"{&quot;_ha_eqh_enable&quot;:false}\">\n\t\t\t\t<\/div>\n\t\t<div data-particle_enable=\"false\" data-particle-mobile-disabled=\"false\" class=\"elementor-element elementor-element-b9631d6 e-con-full elementor-hidden-desktop elementor-hidden-tablet elementor-hidden-mobile e-flex wpr-particle-no wpr-jarallax-no wpr-parallax-no wpr-sticky-section-no wpr-equal-height-no e-con e-parent\" data-id=\"b9631d6\" data-element_type=\"container\" data-e-type=\"container\" data-settings=\"{&quot;_ha_eqh_enable&quot;:false}\">\n\t\t<div data-particle_enable=\"false\" data-particle-mobile-disabled=\"false\" class=\"elementor-element elementor-element-a87f9e2 e-con-full e-flex wpr-particle-no wpr-jarallax-no wpr-parallax-no wpr-sticky-section-no wpr-equal-height-no e-con e-child\" data-id=\"a87f9e2\" data-element_type=\"container\" data-e-type=\"container\" data-settings=\"{&quot;_ha_eqh_enable&quot;:false}\">\n\t\t\t\t<div class=\"elementor-element elementor-element-aa31330 exad-sticky-section-no exad-glass-effect-no elementor-widget elementor-widget-shortcode\" data-id=\"aa31330\" data-element_type=\"widget\" data-e-type=\"widget\" data-widget_type=\"shortcode.default\">\n\t\t\t\t<div class=\"elementor-widget-container\">\n\t\t\t\t\t\t\t<div class=\"elementor-shortcode\"><div class=\"map_wrapper\" id=\"map_wrapper_2072\">\n<div class=\"map_box\" style=\"max-width:2000px\">\n<div class=\"map_aspect_ratio\" style=\"padding-top:56%\" data-padding-top=\"56%\" data-padding-top-mobile=\"0%\">\n<div class=\"map_container\">\n<div class=\"map_render map_loading\" id=\"map_2072\"><\/div>\n<\/div>\n<\/div>\n<\/div>\n<\/div><\/div>\n\t\t\t\t\t\t<\/div>\n\t\t\t\t<\/div>\n\t\t\t\t<\/div>\n\t\t\t\t<\/div>\n\t\t<div data-particle_enable=\"false\" data-particle-mobile-disabled=\"false\" class=\"elementor-element elementor-element-1f4516b e-con-full e-flex wpr-particle-no wpr-jarallax-no wpr-parallax-no wpr-sticky-section-no wpr-equal-height-no e-con e-parent\" data-id=\"1f4516b\" data-element_type=\"container\" data-e-type=\"container\" data-settings=\"{&quot;_ha_eqh_enable&quot;:false}\">\n\t\t<div data-particle_enable=\"false\" data-particle-mobile-disabled=\"false\" class=\"elementor-element elementor-element-070f7e2 e-con-full e-flex wpr-particle-no wpr-jarallax-no wpr-parallax-no wpr-sticky-section-no wpr-equal-height-no e-con e-child\" data-id=\"070f7e2\" data-element_type=\"container\" data-e-type=\"container\" data-settings=\"{&quot;_ha_eqh_enable&quot;:false}\">\n\t\t\t\t<div class=\"elementor-element elementor-element-c4217cc exad-sticky-section-no exad-glass-effect-no elementor-widget elementor-widget-shortcode\" data-id=\"c4217cc\" data-element_type=\"widget\" data-e-type=\"widget\" data-widget_type=\"shortcode.default\">\n\t\t\t\t<div class=\"elementor-widget-container\">\n\t\t\t\t\t\t\t<div class=\"elementor-shortcode\"><div class=\"map_wrapper\" id=\"map_wrapper_2280\">\n<div class=\"map_box\" style=\"max-width:2000px\">\n<div class=\"map_aspect_ratio\" style=\"padding-top:56%\" data-padding-top=\"56%\" data-padding-top-mobile=\"0%\">\n<div class=\"map_container\">\n<div class=\"map_render map_loading\" id=\"map_2280\"><\/div>\n<\/div>\n<\/div>\n<\/div>\n<\/div><\/div>\n\t\t\t\t\t\t<\/div>\n\t\t\t\t<\/div>\n\t\t\t\t<\/div>\n\t\t\t\t<div class=\"elementor-element elementor-element-d64b4e0 exad-sticky-section-no exad-glass-effect-no elementor-widget elementor-widget-shortcode\" data-id=\"d64b4e0\" data-element_type=\"widget\" data-e-type=\"widget\" data-widget_type=\"shortcode.default\">\n\t\t\t\t<div class=\"elementor-widget-container\">\n\t\t\t\t\t\t\t<div class=\"elementor-shortcode\"><div class=\"map_wrapper\" id=\"map_wrapper_2072\">\n<div class=\"map_box\" style=\"max-width:2000px\">\n<div class=\"map_aspect_ratio\" style=\"padding-top:56%\" data-padding-top=\"56%\" data-padding-top-mobile=\"0%\">\n<div class=\"map_container\">\n<div class=\"map_render map_loading\" id=\"map_2072\"><\/div>\n<\/div>\n<\/div>\n<\/div>\n<\/div><\/div>\n\t\t\t\t\t\t<\/div>\n\t\t\t\t<\/div>\n\t\t\t\t<\/div>\n\t\t\t\t<\/div>\n\t\t","protected":false},"excerpt":{"rendered":"<p>T\u00fcrkiye&#8217;de ve D\u00fcnya&#8217;da 500&#8217;den fazla referans!<\/p>\n","protected":false},"author":1,"featured_media":0,"parent":309,"menu_order":0,"comment_status":"closed","ping_status":"closed","template":"","meta":{"site-sidebar-layout":"no-sidebar","site-content-layout":"page-builder","ast-site-content-layout":"full-width-container","site-content-style":"default","site-sidebar-style":"default","ast-global-header-display":"","ast-banner-title-visibility":"","ast-main-header-display":"","ast-hfb-above-header-display":"","ast-hfb-below-header-display":"","ast-hfb-mobile-header-display":"","site-post-title":"disabled","ast-breadcrumbs-content":"","ast-featured-img":"disabled","footer-sml-layout":"","ast-disable-related-posts":"","theme-transparent-header-meta":"","adv-header-id-meta":"","stick-header-meta":"","header-above-stick-meta":"","header-main-stick-meta":"","header-below-stick-meta":"","astra-migrate-meta-layouts":"set","ast-page-background-enabled":"default","ast-page-background-meta":{"desktop":{"background-color":"var(--ast-global-color-4)","background-image":"","background-repeat":"repeat","background-position":"center center","background-size":"auto","background-attachment":"scroll","background-type":"","background-media":"","overlay-type":"","overlay-color":"","overlay-opacity":"","overlay-gradient":""},"tablet":{"background-color":"","background-image":"","background-repeat":"repeat","background-position":"center center","background-size":"auto","background-attachment":"scroll","background-type":"","background-media":"","overlay-type":"","overlay-color":"","overlay-opacity":"","overlay-gradient":""},"mobile":{"background-color":"","background-image":"","background-repeat":"repeat","background-position":"center center","background-size":"auto","background-attachment":"scroll","background-type":"","background-media":"","overlay-type":"","overlay-color":"","overlay-opacity":"","overlay-gradient":""}},"ast-content-background-meta":{"desktop":{"background-color":"var(--ast-global-color-5)","background-image":"","background-repeat":"repeat","background-position":"center center","background-size":"auto","background-attachment":"scroll","background-type":"","background-media":"","overlay-type":"","overlay-color":"","overlay-opacity":"","overlay-gradient":""},"tablet":{"background-color":"var(--ast-global-color-5)","background-image":"","background-repeat":"repeat","background-position":"center center","background-size":"auto","background-attachment":"scroll","background-type":"","background-media":"","overlay-type":"","overlay-color":"","overlay-opacity":"","overlay-gradient":""},"mobile":{"background-color":"var(--ast-global-color-5)","background-image":"","background-repeat":"repeat","background-position":"center center","background-size":"auto","background-attachment":"scroll","background-type":"","background-media":"","overlay-type":"","overlay-color":"","overlay-opacity":"","overlay-gradient":""}},"footnotes":""},"class_list":["post-2065","page","type-page","status-publish","hentry"],"yoast_head":"<!-- This site is optimized with the Yoast SEO plugin v27.4 - https:\/\/yoast.com\/product\/yoast-seo-wordpress\/ -->\n<title>Referanlar\u0131m\u0131z - Z\u0130MEK MAK\u0130NA<\/title>\n<meta name=\"robots\" content=\"index, follow, max-snippet:-1, max-image-preview:large, max-video-preview:-1\" \/>\n<link rel=\"canonical\" href=\"https:\/\/www.zimek.com.tr\/tr_tr\/kurumsal\/referanlarimiz\/\" \/>\n<meta property=\"og:locale\" content=\"tr_TR\" \/>\n<meta property=\"og:type\" content=\"article\" \/>\n<meta property=\"og:title\" content=\"Referanlar\u0131m\u0131z - Z\u0130MEK MAK\u0130NA\" \/>\n<meta property=\"og:description\" content=\"T\u00fcrkiye&#8217;de ve D\u00fcnya&#8217;da 500&#8217;den fazla referans!\" \/>\n<meta property=\"og:url\" content=\"https:\/\/www.zimek.com.tr\/tr_tr\/kurumsal\/referanlarimiz\/\" \/>\n<meta property=\"og:site_name\" content=\"Z\u0130MEK MAK\u0130NA\" \/>\n<meta property=\"article:publisher\" content=\"https:\/\/www.facebook.com\/zimekmachine\" \/>\n<meta property=\"article:modified_time\" content=\"2024-11-13T06:39:49+00:00\" \/>\n<meta property=\"og:image\" content=\"https:\/\/www.zimek.com.tr\/wp-content\/uploads\/elementor\/thumbs\/alsem-qjk4i8e9335bugjm5inghhv176qw81sa4qqkyzdfp4.jpg\" \/>\n<meta name=\"twitter:card\" content=\"summary_large_image\" \/>\n<meta name=\"twitter:label1\" content=\"Tahmini okuma s\u00fcresi\" \/>\n\t<meta name=\"twitter:data1\" content=\"2 dakika\" \/>\n<script type=\"application\/ld+json\" class=\"yoast-schema-graph\">{\"@context\":\"https:\\\/\\\/schema.org\",\"@graph\":[{\"@type\":\"WebPage\",\"@id\":\"https:\\\/\\\/www.zimek.com.tr\\\/tr_tr\\\/kurumsal\\\/referanlarimiz\\\/\",\"url\":\"https:\\\/\\\/www.zimek.com.tr\\\/tr_tr\\\/kurumsal\\\/referanlarimiz\\\/\",\"name\":\"Referanlar\u0131m\u0131z - Z\u0130MEK MAK\u0130NA\",\"isPartOf\":{\"@id\":\"https:\\\/\\\/www.zimek.com.tr\\\/#website\"},\"primaryImageOfPage\":{\"@id\":\"https:\\\/\\\/www.zimek.com.tr\\\/tr_tr\\\/kurumsal\\\/referanlarimiz\\\/#primaryimage\"},\"image\":{\"@id\":\"https:\\\/\\\/www.zimek.com.tr\\\/tr_tr\\\/kurumsal\\\/referanlarimiz\\\/#primaryimage\"},\"thumbnailUrl\":\"https:\\\/\\\/www.zimek.com.tr\\\/wp-content\\\/uploads\\\/elementor\\\/thumbs\\\/alsem-qjk4i8e9335bugjm5inghhv176qw81sa4qqkyzdfp4.jpg\",\"datePublished\":\"2024-02-07T11:10:12+00:00\",\"dateModified\":\"2024-11-13T06:39:49+00:00\",\"breadcrumb\":{\"@id\":\"https:\\\/\\\/www.zimek.com.tr\\\/tr_tr\\\/kurumsal\\\/referanlarimiz\\\/#breadcrumb\"},\"inLanguage\":\"tr\",\"potentialAction\":[{\"@type\":\"ReadAction\",\"target\":[\"https:\\\/\\\/www.zimek.com.tr\\\/tr_tr\\\/kurumsal\\\/referanlarimiz\\\/\"]}]},{\"@type\":\"ImageObject\",\"inLanguage\":\"tr\",\"@id\":\"https:\\\/\\\/www.zimek.com.tr\\\/tr_tr\\\/kurumsal\\\/referanlarimiz\\\/#primaryimage\",\"url\":\"https:\\\/\\\/www.zimek.com.tr\\\/wp-content\\\/uploads\\\/elementor\\\/thumbs\\\/alsem-qjk4i8e9335bugjm5inghhv176qw81sa4qqkyzdfp4.jpg\",\"contentUrl\":\"https:\\\/\\\/www.zimek.com.tr\\\/wp-content\\\/uploads\\\/elementor\\\/thumbs\\\/alsem-qjk4i8e9335bugjm5inghhv176qw81sa4qqkyzdfp4.jpg\"},{\"@type\":\"BreadcrumbList\",\"@id\":\"https:\\\/\\\/www.zimek.com.tr\\\/tr_tr\\\/kurumsal\\\/referanlarimiz\\\/#breadcrumb\",\"itemListElement\":[{\"@type\":\"ListItem\",\"position\":1,\"name\":\"Anasayfa\",\"item\":\"https:\\\/\\\/www.zimek.com.tr\\\/\"},{\"@type\":\"ListItem\",\"position\":2,\"name\":\"Kurumsal\",\"item\":\"https:\\\/\\\/www.zimek.com.tr\\\/kurumsal\\\/\"},{\"@type\":\"ListItem\",\"position\":3,\"name\":\"Referanlar\u0131m\u0131z\"}]},{\"@type\":\"WebSite\",\"@id\":\"https:\\\/\\\/www.zimek.com.tr\\\/#website\",\"url\":\"https:\\\/\\\/www.zimek.com.tr\\\/\",\"name\":\"Z\u0130MEK MAK\u0130NA\",\"description\":\"Ta\u015fa \u015eekil Veren Teknoloji - Stone Processing Technology\",\"publisher\":{\"@id\":\"https:\\\/\\\/www.zimek.com.tr\\\/#organization\"},\"potentialAction\":[{\"@type\":\"SearchAction\",\"target\":{\"@type\":\"EntryPoint\",\"urlTemplate\":\"https:\\\/\\\/www.zimek.com.tr\\\/?s={search_term_string}\"},\"query-input\":{\"@type\":\"PropertyValueSpecification\",\"valueRequired\":true,\"valueName\":\"search_term_string\"}}],\"inLanguage\":\"tr\"},{\"@type\":\"Organization\",\"@id\":\"https:\\\/\\\/www.zimek.com.tr\\\/#organization\",\"name\":\"Z\u0130MEK MAK\u0130NA\",\"url\":\"https:\\\/\\\/www.zimek.com.tr\\\/\",\"logo\":{\"@type\":\"ImageObject\",\"inLanguage\":\"tr\",\"@id\":\"https:\\\/\\\/www.zimek.com.tr\\\/#\\\/schema\\\/logo\\\/image\\\/\",\"url\":\"https:\\\/\\\/www.zimek.com.tr\\\/wp-content\\\/uploads\\\/2024\\\/01\\\/logo_vectorized.png\",\"contentUrl\":\"https:\\\/\\\/www.zimek.com.tr\\\/wp-content\\\/uploads\\\/2024\\\/01\\\/logo_vectorized.png\",\"width\":4712,\"height\":898,\"caption\":\"Z\u0130MEK MAK\u0130NA\"},\"image\":{\"@id\":\"https:\\\/\\\/www.zimek.com.tr\\\/#\\\/schema\\\/logo\\\/image\\\/\"},\"sameAs\":[\"https:\\\/\\\/www.facebook.com\\\/zimekmachine\",\"https:\\\/\\\/www.instagram.com\\\/zimekmachine\\\/\",\"https:\\\/\\\/www.youtube.com\\\/@zimekmachine\"]}]}<\/script>\n<!-- \/ Yoast SEO plugin. -->","yoast_head_json":{"title":"Referanlar\u0131m\u0131z - Z\u0130MEK MAK\u0130NA","robots":{"index":"index","follow":"follow","max-snippet":"max-snippet:-1","max-image-preview":"max-image-preview:large","max-video-preview":"max-video-preview:-1"},"canonical":"https:\/\/www.zimek.com.tr\/tr_tr\/kurumsal\/referanlarimiz\/","og_locale":"tr_TR","og_type":"article","og_title":"Referanlar\u0131m\u0131z - Z\u0130MEK MAK\u0130NA","og_description":"T\u00fcrkiye&#8217;de ve D\u00fcnya&#8217;da 500&#8217;den fazla referans!","og_url":"https:\/\/www.zimek.com.tr\/tr_tr\/kurumsal\/referanlarimiz\/","og_site_name":"Z\u0130MEK MAK\u0130NA","article_publisher":"https:\/\/www.facebook.com\/zimekmachine","article_modified_time":"2024-11-13T06:39:49+00:00","og_image":[{"url":"https:\/\/www.zimek.com.tr\/wp-content\/uploads\/elementor\/thumbs\/alsem-qjk4i8e9335bugjm5inghhv176qw81sa4qqkyzdfp4.jpg","type":"","width":"","height":""}],"twitter_card":"summary_large_image","twitter_misc":{"Tahmini okuma s\u00fcresi":"2 dakika"},"schema":{"@context":"https:\/\/schema.org","@graph":[{"@type":"WebPage","@id":"https:\/\/www.zimek.com.tr\/tr_tr\/kurumsal\/referanlarimiz\/","url":"https:\/\/www.zimek.com.tr\/tr_tr\/kurumsal\/referanlarimiz\/","name":"Referanlar\u0131m\u0131z - Z\u0130MEK MAK\u0130NA","isPartOf":{"@id":"https:\/\/www.zimek.com.tr\/#website"},"primaryImageOfPage":{"@id":"https:\/\/www.zimek.com.tr\/tr_tr\/kurumsal\/referanlarimiz\/#primaryimage"},"image":{"@id":"https:\/\/www.zimek.com.tr\/tr_tr\/kurumsal\/referanlarimiz\/#primaryimage"},"thumbnailUrl":"https:\/\/www.zimek.com.tr\/wp-content\/uploads\/elementor\/thumbs\/alsem-qjk4i8e9335bugjm5inghhv176qw81sa4qqkyzdfp4.jpg","datePublished":"2024-02-07T11:10:12+00:00","dateModified":"2024-11-13T06:39:49+00:00","breadcrumb":{"@id":"https:\/\/www.zimek.com.tr\/tr_tr\/kurumsal\/referanlarimiz\/#breadcrumb"},"inLanguage":"tr","potentialAction":[{"@type":"ReadAction","target":["https:\/\/www.zimek.com.tr\/tr_tr\/kurumsal\/referanlarimiz\/"]}]},{"@type":"ImageObject","inLanguage":"tr","@id":"https:\/\/www.zimek.com.tr\/tr_tr\/kurumsal\/referanlarimiz\/#primaryimage","url":"https:\/\/www.zimek.com.tr\/wp-content\/uploads\/elementor\/thumbs\/alsem-qjk4i8e9335bugjm5inghhv176qw81sa4qqkyzdfp4.jpg","contentUrl":"https:\/\/www.zimek.com.tr\/wp-content\/uploads\/elementor\/thumbs\/alsem-qjk4i8e9335bugjm5inghhv176qw81sa4qqkyzdfp4.jpg"},{"@type":"BreadcrumbList","@id":"https:\/\/www.zimek.com.tr\/tr_tr\/kurumsal\/referanlarimiz\/#breadcrumb","itemListElement":[{"@type":"ListItem","position":1,"name":"Anasayfa","item":"https:\/\/www.zimek.com.tr\/"},{"@type":"ListItem","position":2,"name":"Kurumsal","item":"https:\/\/www.zimek.com.tr\/kurumsal\/"},{"@type":"ListItem","position":3,"name":"Referanlar\u0131m\u0131z"}]},{"@type":"WebSite","@id":"https:\/\/www.zimek.com.tr\/#website","url":"https:\/\/www.zimek.com.tr\/","name":"Z\u0130MEK MAK\u0130NA","description":"Ta\u015fa \u015eekil Veren Teknoloji - Stone Processing Technology","publisher":{"@id":"https:\/\/www.zimek.com.tr\/#organization"},"potentialAction":[{"@type":"SearchAction","target":{"@type":"EntryPoint","urlTemplate":"https:\/\/www.zimek.com.tr\/?s={search_term_string}"},"query-input":{"@type":"PropertyValueSpecification","valueRequired":true,"valueName":"search_term_string"}}],"inLanguage":"tr"},{"@type":"Organization","@id":"https:\/\/www.zimek.com.tr\/#organization","name":"Z\u0130MEK MAK\u0130NA","url":"https:\/\/www.zimek.com.tr\/","logo":{"@type":"ImageObject","inLanguage":"tr","@id":"https:\/\/www.zimek.com.tr\/#\/schema\/logo\/image\/","url":"https:\/\/www.zimek.com.tr\/wp-content\/uploads\/2024\/01\/logo_vectorized.png","contentUrl":"https:\/\/www.zimek.com.tr\/wp-content\/uploads\/2024\/01\/logo_vectorized.png","width":4712,"height":898,"caption":"Z\u0130MEK MAK\u0130NA"},"image":{"@id":"https:\/\/www.zimek.com.tr\/#\/schema\/logo\/image\/"},"sameAs":["https:\/\/www.facebook.com\/zimekmachine","https:\/\/www.instagram.com\/zimekmachine\/","https:\/\/www.youtube.com\/@zimekmachine"]}]}},"_links":{"self":[{"href":"https:\/\/www.zimek.com.tr\/tr_tr\/wp-json\/wp\/v2\/pages\/2065","targetHints":{"allow":["GET"]}}],"collection":[{"href":"https:\/\/www.zimek.com.tr\/tr_tr\/wp-json\/wp\/v2\/pages"}],"about":[{"href":"https:\/\/www.zimek.com.tr\/tr_tr\/wp-json\/wp\/v2\/types\/page"}],"author":[{"embeddable":true,"href":"https:\/\/www.zimek.com.tr\/tr_tr\/wp-json\/wp\/v2\/users\/1"}],"replies":[{"embeddable":true,"href":"https:\/\/www.zimek.com.tr\/tr_tr\/wp-json\/wp\/v2\/comments?post=2065"}],"version-history":[{"count":38,"href":"https:\/\/www.zimek.com.tr\/tr_tr\/wp-json\/wp\/v2\/pages\/2065\/revisions"}],"predecessor-version":[{"id":3580,"href":"https:\/\/www.zimek.com.tr\/tr_tr\/wp-json\/wp\/v2\/pages\/2065\/revisions\/3580"}],"up":[{"embeddable":true,"href":"https:\/\/www.zimek.com.tr\/tr_tr\/wp-json\/wp\/v2\/pages\/309"}],"wp:attachment":[{"href":"https:\/\/www.zimek.com.tr\/tr_tr\/wp-json\/wp\/v2\/media?parent=2065"}],"curies":[{"name":"wp","href":"https:\/\/api.w.org\/{rel}","templated":true}]}}